{"id":1705,"date":"2014-01-24T11:26:39","date_gmt":"2014-01-24T09:26:39","guid":{"rendered":"https:\/\/wordpress.mydrink.ee\/product\/hartwall-original-long-drink-cranberry-5-5-33cl-x-24\/"},"modified":"2025-09-25T10:24:06","modified_gmt":"2025-09-25T07:24:06","slug":"hartwall-original-long-drink-cranberry-5-5-33cl-x-24","status":"publish","type":"product","link":"https:\/\/wordpress.mydrink.ee\/et\/product\/hartwall-original-long-drink-cranberry-5-5-33cl-x-24\/","title":{"rendered":"Hartwall Original Long Drink Cranberry 5,5% 33CL x 24"},"content":{"rendered":"<p>Hartwall Original Long Drink on ainuke ehtsast dzinnist tehtud longero<br \/>\n ja n\u00fc\u00fcd saadaval ka j\u00f5hvikamaitselisena.<\/p>\n","protected":false},"excerpt":{"rendered":"<p>Liik:&nbsp;&nbsp;&nbsp; Long Drink<br \/>Kastis:&nbsp;&nbsp;&nbsp; 24<br \/>Maht:&nbsp;&nbsp;&nbsp; 7,92L<br \/>Alkoholisisaldus:&nbsp;&nbsp;&nbsp; 5,5%<br \/>P&auml;ritolumaa:&nbsp;&nbsp;&nbsp; Soome<br \/>Serveerimine:&nbsp;&nbsp;&nbsp; Jahutatult<\/p>\n","protected":false},"featured_media":1703,"template":"","meta":{"_acf_changed":false,"_kadence_starter_templates_imported_post":false,"_kad_post_transparent":"","_kad_post_title":"","_kad_post_layout":"","_kad_post_sidebar_id":"","_kad_post_content_style":"","_kad_post_vertical_padding":"","_kad_post_feature":"","_kad_post_feature_position":"","_kad_post_header":false,"_kad_post_footer":false,"_kad_post_classname":""},"product_brand":[],"product_cat":[110,91,90,25,232],"product_tag":[],"class_list":{"0":"post-1705","1":"product","2":"type-product","3":"status-publish","4":"has-post-thumbnail","6":"product_cat-pakkumised","7":"product_cat-ohooo","8":"product_cat-long-drink","9":"product_cat-olu-siider","10":"product_cat-pandipakend","12":"first","13":"instock","14":"sale","15":"taxable","16":"shipping-taxable","17":"purchasable","18":"product-type-simple","19":"entry","20":"content-bg","21":"loop-entry"},"acf":[],"_links":{"self":[{"href":"https:\/\/wordpress.mydrink.ee\/et\/wp-json\/wp\/v2\/product\/1705","targetHints":{"allow":["GET"]}}],"collection":[{"href":"https:\/\/wordpress.mydrink.ee\/et\/wp-json\/wp\/v2\/product"}],"about":[{"href":"https:\/\/wordpress.mydrink.ee\/et\/wp-json\/wp\/v2\/types\/product"}],"wp:featuredmedia":[{"embeddable":true,"href":"https:\/\/wordpress.mydrink.ee\/et\/wp-json\/wp\/v2\/media\/1703"}],"wp:attachment":[{"href":"https:\/\/wordpress.mydrink.ee\/et\/wp-json\/wp\/v2\/media?parent=1705"}],"wp:term":[{"taxonomy":"product_brand","embeddable":true,"href":"https:\/\/wordpress.mydrink.ee\/et\/wp-json\/wp\/v2\/product_brand?post=1705"},{"taxonomy":"product_cat","embeddable":true,"href":"https:\/\/wordpress.mydrink.ee\/et\/wp-json\/wp\/v2\/product_cat?post=1705"},{"taxonomy":"product_tag","embeddable":true,"href":"https:\/\/wordpress.mydrink.ee\/et\/wp-json\/wp\/v2\/product_tag?post=1705"}],"curies":[{"name":"wp","href":"https:\/\/api.w.org\/{rel}","templated":true}]}}