{"id":1779,"date":"2014-01-31T13:42:41","date_gmt":"2014-01-31T11:42:41","guid":{"rendered":"https:\/\/wordpress.mydrink.ee\/product\/zeljonaja-marka-rzhanaja-40-50cl\/"},"modified":"2025-09-09T03:03:47","modified_gmt":"2025-09-09T00:03:47","slug":"zeljonaja-marka-rzhanaja-40-50cl","status":"publish","type":"product","link":"https:\/\/wordpress.mydrink.ee\/et\/product\/zeljonaja-marka-rzhanaja-40-50cl\/","title":{"rendered":"ZELJONAJA MARKA RZHANAJA 40%50CL"},"content":{"rendered":"<p>Zeljonaja Marka R\u017eanaja (Green Mark Rye) viin sisaldab aromaatset segu Borodinsky leivast ja kuivatatud k\u00fcpsest rukkist, mida on hoitud spetsiaalsetes t\u00f5mbeventilaatorites, et saavutada rikkalikult aromaatne toode, seej\u00e4rel segu filtreeritakse ja destilleeritakse, et saavutada kristallpuhas l\u00e4bipaistvus. Zeljonaja Marka (Green Mark) viinad on valmistatud kasutades vaid looduslikke koostisosi jada-destilleerimise meetodil, mis v\u00f5imaldab toote t\u00e4ielikult automatiseeritud tootmist, elimineerides inimese sekkumise. Sellise t\u00e4iustatud tootmisprotsessi kasutamine annab viinale erakordselt maheda maitse. Pudelitel on spetsiaalne korgist kork, meenutamaks 20. sajandi alguse traditsioonilisi pudeldamise viise.<\/p>\n","protected":false},"excerpt":{"rendered":"<p>Liik: Kange alkohol, Viin<br \/>\nKastis: 12<br \/>\nMaht: 70CL<br \/>\nAlkoholisisaldus: 40%<br \/>\nP\u00e4ritolumaa: Venemaa<br \/>\nV\u00e4rvus: selge ja v\u00e4rvitu<br \/>\nServeerimine: jahutatult puhtalt v\u00f5i kokteilides<\/p>\n","protected":false},"featured_media":1778,"template":"","meta":{"_acf_changed":false,"_kadence_starter_templates_imported_post":false,"_kad_post_transparent":"","_kad_post_title":"","_kad_post_layout":"","_kad_post_sidebar_id":"","_kad_post_content_style":"","_kad_post_vertical_padding":"","_kad_post_feature":"","_kad_post_feature_position":"","_kad_post_header":false,"_kad_post_footer":false,"_kad_post_classname":""},"product_brand":[],"product_cat":[26,46],"product_tag":[],"class_list":{"0":"post-1779","1":"product","2":"type-product","3":"status-publish","4":"has-post-thumbnail","6":"product_cat-kange-alkohol","7":"product_cat-vodka","9":"first","10":"instock","11":"taxable","12":"shipping-taxable","13":"purchasable","14":"product-type-simple","15":"entry","16":"content-bg","17":"loop-entry"},"acf":[],"_links":{"self":[{"href":"https:\/\/wordpress.mydrink.ee\/et\/wp-json\/wp\/v2\/product\/1779","targetHints":{"allow":["GET"]}}],"collection":[{"href":"https:\/\/wordpress.mydrink.ee\/et\/wp-json\/wp\/v2\/product"}],"about":[{"href":"https:\/\/wordpress.mydrink.ee\/et\/wp-json\/wp\/v2\/types\/product"}],"wp:featuredmedia":[{"embeddable":true,"href":"https:\/\/wordpress.mydrink.ee\/et\/wp-json\/wp\/v2\/media\/1778"}],"wp:attachment":[{"href":"https:\/\/wordpress.mydrink.ee\/et\/wp-json\/wp\/v2\/media?parent=1779"}],"wp:term":[{"taxonomy":"product_brand","embeddable":true,"href":"https:\/\/wordpress.mydrink.ee\/et\/wp-json\/wp\/v2\/product_brand?post=1779"},{"taxonomy":"product_cat","embeddable":true,"href":"https:\/\/wordpress.mydrink.ee\/et\/wp-json\/wp\/v2\/product_cat?post=1779"},{"taxonomy":"product_tag","embeddable":true,"href":"https:\/\/wordpress.mydrink.ee\/et\/wp-json\/wp\/v2\/product_tag?post=1779"}],"curies":[{"name":"wp","href":"https:\/\/api.w.org\/{rel}","templated":true}]}}