{"id":3785,"date":"2017-09-05T18:34:18","date_gmt":"2017-09-05T15:34:18","guid":{"rendered":"https:\/\/wordpress.mydrink.ee\/product\/saku-tume-6-7-vol-33cl-x-24\/"},"modified":"2025-09-25T10:24:07","modified_gmt":"2025-09-25T07:24:07","slug":"saku-tume-6-7-vol-33cl-x-24","status":"publish","type":"product","link":"https:\/\/wordpress.mydrink.ee\/et\/product\/saku-tume-6-7-vol-33cl-x-24\/","title":{"rendered":"Saku Tume 6,7% vol 33CL x 24"},"content":{"rendered":"<p>Saku Tume on kastanipruuni v\u00e4rvi rikkaliku maitsega Eesti ainus kange tume \u00f5lu. Pruulitud kogenud \u00f5llejoojale, kes osSaku Tume on kastanipruuni v\u00e4rvi rikkaliku maitsega Eesti ainus kange tume \u00f5lu. Pruulitud kogenud \u00f5llejoojale, kes oskab hinnata tumeda \u00f5lle tummisemat maitset.<\/p>\n<p>Saku Tumeda pruulimisel kasutatakse tavap\u00e4raste heledate odralinnaste k\u00f5rval ka m\u00fcncheni- ja karamell-linnaseid ning k\u00f5rvetatud suhkrut, mis annavad \u00f5llele erilise s\u00fcgava v\u00e4rvitooni, ainuomase r\u00f6stise maitse ja rikkaliku l\u00f5hnabuketi.<\/p>\n<p>Tumeda \u00f5lle erip\u00e4raks on ka see, et tumeda \u00f5lle maitsen\u00fcansside parimaks tunnetamiseks tuleb \u00f5lut nautida pisut k\u00f5rgema temperatuuriga. Kui heleda \u00f5lle ideaalseks joomise temperatuuriks loetakse 6-8 \u00b0C (\u00e4sja k\u00fclmikust v\u00f5etud), siis Saku Tumeda joomiseks on parim temperatuur 11-15\u00b0C.<\/p>\n<p>Ehtne Eesti tume \u00f5lu.<\/p>\n","protected":false},"excerpt":{"rendered":"<p>Liik: Lahja alkohoolne jook, &Otilde;lu<br \/>Kastis: 24<br \/>Maht: 7.92L<br \/>Alkoholisisaldus: 6,7%<br \/>P&auml;ritolumaa: Eesti<br \/>Serveerimine: Jahutatult<\/p>\n<p><span style=\"color: #ff0000;\">&Uuml;hte pakiautomaadi kappi mahub kolm sellist toodet!<\/span><br \/><span style=\"color: #ff0000;\">Loe lisa <a href=\"http:\/\/mydrink.ee\/shipping\/?___store=est\" target=\"_blank\"><strong>siit<\/strong><\/a><\/span><\/p>\n","protected":false},"featured_media":3784,"template":"","meta":{"_acf_changed":false,"_kadence_starter_templates_imported_post":false,"_kad_post_transparent":"","_kad_post_title":"","_kad_post_layout":"","_kad_post_sidebar_id":"","_kad_post_content_style":"","_kad_post_vertical_padding":"","_kad_post_feature":"","_kad_post_feature_position":"","_kad_post_header":false,"_kad_post_footer":false,"_kad_post_classname":""},"product_brand":[],"product_cat":[127,88,25,232],"product_tag":[],"class_list":{"0":"post-3785","1":"product","2":"type-product","3":"status-publish","4":"has-post-thumbnail","6":"product_cat-eesti","7":"product_cat-olu","8":"product_cat-olu-siider","9":"product_cat-pandipakend","11":"first","12":"instock","13":"taxable","14":"shipping-taxable","15":"purchasable","16":"product-type-simple","17":"entry","18":"content-bg","19":"loop-entry"},"acf":[],"_links":{"self":[{"href":"https:\/\/wordpress.mydrink.ee\/et\/wp-json\/wp\/v2\/product\/3785","targetHints":{"allow":["GET"]}}],"collection":[{"href":"https:\/\/wordpress.mydrink.ee\/et\/wp-json\/wp\/v2\/product"}],"about":[{"href":"https:\/\/wordpress.mydrink.ee\/et\/wp-json\/wp\/v2\/types\/product"}],"wp:featuredmedia":[{"embeddable":true,"href":"https:\/\/wordpress.mydrink.ee\/et\/wp-json\/wp\/v2\/media\/3784"}],"wp:attachment":[{"href":"https:\/\/wordpress.mydrink.ee\/et\/wp-json\/wp\/v2\/media?parent=3785"}],"wp:term":[{"taxonomy":"product_brand","embeddable":true,"href":"https:\/\/wordpress.mydrink.ee\/et\/wp-json\/wp\/v2\/product_brand?post=3785"},{"taxonomy":"product_cat","embeddable":true,"href":"https:\/\/wordpress.mydrink.ee\/et\/wp-json\/wp\/v2\/product_cat?post=3785"},{"taxonomy":"product_tag","embeddable":true,"href":"https:\/\/wordpress.mydrink.ee\/et\/wp-json\/wp\/v2\/product_tag?post=3785"}],"curies":[{"name":"wp","href":"https:\/\/api.w.org\/{rel}","templated":true}]}}