{"id":3928,"date":"2017-11-20T15:09:01","date_gmt":"2017-11-20T13:09:01","guid":{"rendered":"https:\/\/wordpress.mydrink.ee\/product\/comte-de-noiron-champagne-12-75cl\/"},"modified":"2017-11-20T15:09:01","modified_gmt":"2017-11-20T13:09:01","slug":"comte-de-noiron-champagne-12-75cl","status":"publish","type":"product","link":"https:\/\/wordpress.mydrink.ee\/et\/product\/comte-de-noiron-champagne-12-75cl\/","title":{"rendered":"Francis Cossy  ECLAT Brut 12% 75cl"},"content":{"rendered":"<p><span style=\"color: #2b2b2b; font-family: 'Lato', sans-serif; font-style: normal; font-weight: 400; letter-spacing: normal; orphans: 2; text-indent: 0px; text-transform: none; white-space: normal; widows: 2; word-spacing: 0px; background-color: #ffffff; display: inline !important; float: none; font-size: small;\">Champagne Francis Cossy is run by Sophie and her mother. The Cossy family has been growers in Champagne since 1764 and produced under their own label since the 50ies. <br \/>Home to Cossy is the little village Jouy Les Reims in Montagne de Reims. It is just a bit south-west from Reims, where the grapes come from Premier Cru classified, organically managed vineyards. <br \/>Sustainability and permanent improvement are on top of the agenda.<\/span><\/p>\n","protected":false},"excerpt":{"rendered":"<p>Liik: \u0160ampanja<br \/>\nKastis: 6<br \/>\nMaht: 75CL<br \/>\nAlkoholisisaldus: 12%<br \/>\nP\u00e4ritolumaa: Prantsusmaa<br \/>\nTootja: Francis Cossy<br \/>\nVeinimarjad: 33% Chardonnay 33% Pinot Noir 34% Pinot Meunier<br \/>\nV\u00e4rvus: helekollane, v\u00e4ikeste peenete mullidega.<br \/>\nAroom: Mitmek\u00fclgne, elegantne. Pisut r\u00f6stitud leiba, valgeid lilli, tsitrusvilju ja rohelisi \u00f5unu.<br \/>\nMaitse: Keskmise t\u00e4idlusega, v\u00e4rske happesusega, puu ja lillenootidega.V\u00e4ga pika j\u00e4relmaitsega. Maitsev, peen ja elegantne.<br \/>\nServeerimistemperatuur: 8 &#8211; 10 \u030a C<\/p>\n","protected":false},"featured_media":3927,"template":"","meta":{"_acf_changed":false,"_kadence_starter_templates_imported_post":false,"_kad_post_transparent":"","_kad_post_title":"","_kad_post_layout":"","_kad_post_sidebar_id":"","_kad_post_content_style":"","_kad_post_vertical_padding":"","_kad_post_feature":"","_kad_post_feature_position":"","_kad_post_header":false,"_kad_post_footer":false,"_kad_post_classname":""},"product_brand":[],"product_cat":[80,122,24],"product_tag":[],"class_list":{"0":"post-3928","1":"product","2":"type-product","3":"status-publish","4":"has-post-thumbnail","6":"product_cat-prantsuse-1-2","7":"product_cat-shampanjad","8":"product_cat-vahuveinid","10":"first","11":"instock","12":"taxable","13":"shipping-taxable","14":"purchasable","15":"product-type-simple","16":"entry","17":"content-bg","18":"loop-entry"},"acf":[],"_links":{"self":[{"href":"https:\/\/wordpress.mydrink.ee\/et\/wp-json\/wp\/v2\/product\/3928","targetHints":{"allow":["GET"]}}],"collection":[{"href":"https:\/\/wordpress.mydrink.ee\/et\/wp-json\/wp\/v2\/product"}],"about":[{"href":"https:\/\/wordpress.mydrink.ee\/et\/wp-json\/wp\/v2\/types\/product"}],"wp:featuredmedia":[{"embeddable":true,"href":"https:\/\/wordpress.mydrink.ee\/et\/wp-json\/wp\/v2\/media\/3927"}],"wp:attachment":[{"href":"https:\/\/wordpress.mydrink.ee\/et\/wp-json\/wp\/v2\/media?parent=3928"}],"wp:term":[{"taxonomy":"product_brand","embeddable":true,"href":"https:\/\/wordpress.mydrink.ee\/et\/wp-json\/wp\/v2\/product_brand?post=3928"},{"taxonomy":"product_cat","embeddable":true,"href":"https:\/\/wordpress.mydrink.ee\/et\/wp-json\/wp\/v2\/product_cat?post=3928"},{"taxonomy":"product_tag","embeddable":true,"href":"https:\/\/wordpress.mydrink.ee\/et\/wp-json\/wp\/v2\/product_tag?post=3928"}],"curies":[{"name":"wp","href":"https:\/\/api.w.org\/{rel}","templated":true}]}}