{"id":4070,"date":"2018-11-01T21:37:03","date_gmt":"2018-11-01T19:37:03","guid":{"rendered":"https:\/\/wordpress.mydrink.ee\/product\/piper-heidsieck-cuvee-sublime12-75clgift-box-2018\/"},"modified":"2018-11-01T21:37:03","modified_gmt":"2018-11-01T19:37:03","slug":"piper-heidsieck-cuvee-sublime12-75clgift-box-2018","status":"publish","type":"product","link":"https:\/\/wordpress.mydrink.ee\/et\/product\/piper-heidsieck-cuvee-sublime12-75clgift-box-2018\/","title":{"rendered":"PIPER HEIDSIECK CUVEE SUBLIME12% 75CLGIFT  BOX"},"content":{"rendered":"<h2 style=\"font-weight: 300; margin-bottom: 1.1em; font-size: 30px; color: #0c4692; font-family: open-sans, sans-serif; font-style: normal; font-variant-ligatures: normal; font-variant-caps: normal; letter-spacing: normal; orphans: 2; text-align: justify; text-indent: 0px; text-transform: none; white-space: normal; widows: 2; word-spacing: 0px; -webkit-text-stroke-width: 0px; background-color: #ffffff; text-decoration-thickness: initial; text-decoration-style: initial; text-decoration-color: initial;\">Kirjeldus<\/h2>\n<p style=\"margin-bottom: 1.47em; line-height: 1.8; margin-top: -15px; color: #000000; font-family: open-sans, sans-serif; font-size: 14px; font-style: normal; font-variant-ligatures: normal; font-variant-caps: normal; font-weight: 400; letter-spacing: normal; orphans: 2; text-indent: 0px; text-transform: none; white-space: normal; widows: 2; word-spacing: 0px; -webkit-text-stroke-width: 0px; background-color: #ffffff; text-decoration-thickness: initial; text-decoration-style: initial; text-decoration-color: initial;\">Nauditavalt rikkalik ja karge<span>\u00a0<\/span><strong style=\"font-weight: bold;\"><em>Piper- Heidsieck Cuv\u00e9e Sublime<\/em><\/strong><span>\u00a0<\/span>pakub puhast rahulolu k\u00f5rgest viimistlustasemest ja \u0161ampanja valmistamise kogemusest. Cuv\u00e9e Sublime on loodud traditsioonilise Piper-Heidsieck Brut \u0161ampanja baasil, kuid sellel on v\u00e4ga tugev oma personaalsus. Suursugune osa sellest \u0161ampanjast on laagerdunud kauem keldrites, see \u0161ampanja on \u00f5nnistatud luksuslikkusega.<\/p>\n<p style=\"margin-bottom: 1.47em; line-height: 1.8; color: #000000; font-family: open-sans, sans-serif; font-size: 14px; font-style: normal; font-variant-ligatures: normal; font-variant-caps: normal; font-weight: 400; letter-spacing: normal; orphans: 2; text-indent: 0px; text-transform: none; white-space: normal; widows: 2; word-spacing: 0px; -webkit-text-stroke-width: 0px; background-color: #ffffff; text-decoration-thickness: initial; text-decoration-style: initial; text-decoration-color: initial;\">Veinide vahekord: Pinot Noir 55%, Pinot Meunier 30%, Chardonnay 15%.<\/p>\n<p style=\"margin-bottom: 1.47em; line-height: 1.8; color: #000000; font-family: open-sans, sans-serif; font-size: 14px; font-style: normal; font-variant-ligatures: normal; font-variant-caps: normal; font-weight: 400; letter-spacing: normal; orphans: 2; text-align: justify; text-indent: 0px; text-transform: none; white-space: normal; widows: 2; word-spacing: 0px; -webkit-text-stroke-width: 0px; background-color: #ffffff; text-decoration-thickness: initial; text-decoration-style: initial; text-decoration-color: initial;\"><em>Piper-Heidsiecki veinifirma asutas 16. juulil 1785 Florens-Louis Heidsieck. \u00dcks erakordne \u0161ampanja p\u00fchendati Prantsuse kuningannale Marie-Antoniette\u2019le ning selle auks anti Florens-Louis Heidsieckile v\u00f5imalus kuningannale oma \u0161ampanjasid esitleda. Sellest sai alguse Piper-Heidsiecki \u0161ampanjade eduk\u00e4ik.<\/em><\/p>\n<p style=\"margin-bottom: 1.47em; line-height: 1.8; color: #000000; font-family: open-sans, sans-serif; font-size: 14px; font-style: normal; font-variant-ligatures: normal; font-variant-caps: normal; font-weight: 400; letter-spacing: normal; orphans: 2; text-align: justify; text-indent: 0px; text-transform: none; white-space: normal; widows: 2; word-spacing: 0px; -webkit-text-stroke-width: 0px; background-color: #ffffff; text-decoration-thickness: initial; text-decoration-style: initial; text-decoration-color: initial;\"><em>Punase etiketiga Piper-Heidsieck on maailma \u00fcks tuntumatest ja hinnatumatest \u0161ampanja kaubam\u00e4rkidest. Seda tuntakse esmajoones t\u00e4nu paljudele filmit\u00e4htedele, nagu n\u00e4iteks<span>\u00a0<\/span><strong style=\"font-weight: bold;\">Marilyn Monroe\u2019le<\/strong>, kellele Piper-Heidsieck oli lemmik\u0161ampanja. Piper-Heidsiecki \u0161ampanjad segatakse kokku eri aastak\u00e4ikude veinidest, mis on valmistatud k\u00f5igist kolmest Champagne\u2019i piirkonna viinamarja sordist. Piper-Heidsiecki veinimeister Regis Camus on v\u00f5itnud viimase k\u00fcmne aasta jooksul kaheksa korda International Wine Challenge\u2019i auhinna kui parim Champagne\u2019i piirkonna veinimeister (Winemaker of the Year).<\/em><\/p>\n<p style=\"margin-bottom: 1.47em; line-height: 1.8; color: #000000; font-family: open-sans, sans-serif; font-size: 14px; font-style: normal; font-variant-ligatures: normal; font-variant-caps: normal; font-weight: 400; letter-spacing: normal; orphans: 2; text-align: justify; text-indent: 0px; text-transform: none; white-space: normal; widows: 2; word-spacing: 0px; -webkit-text-stroke-width: 0px; background-color: #ffffff; text-decoration-thickness: initial; text-decoration-style: initial; text-decoration-color: initial;\"><em>Ongoing Extravaganza Since 1785<\/em><\/p>\n","protected":false},"excerpt":{"rendered":"<p>Tooteliik\t\u0160ampanja<br \/>\nMagususe aste\tPoolkuiv<br \/>\nP\u00e4ritolumaa\tPrantsusmaa<br \/>\nPiirkond\tChampagne<br \/>\nAlkoholisisaldus\t12%<br \/>\nV\u00e4rvus\tV\u00e4ga kirgas ja samas \u00f5rn kuldne toon.<br \/>\nAroom\tK\u00fcps, mahlane mis sulandub maitsetega nagu karamell, vanill ja tume rumm, lisaks tunda r\u00f6stitud ananassid, vanilje, pirnid ja flambeeritud banaanid.<br \/>\nMaitse\tSoe ja t\u00e4idlane, suhkrustatud tsitruselised ja r\u00f6stitud ananassid. Mahlakus milles kaneel ja vanill koos r\u00f6stitud pirnidega.<\/p>\n","protected":false},"featured_media":4069,"template":"","meta":{"_acf_changed":false,"_kadence_starter_templates_imported_post":false,"_kad_post_transparent":"","_kad_post_title":"","_kad_post_layout":"","_kad_post_sidebar_id":"","_kad_post_content_style":"","_kad_post_vertical_padding":"","_kad_post_feature":"","_kad_post_feature_position":"","_kad_post_header":false,"_kad_post_footer":false,"_kad_post_classname":""},"product_brand":[],"product_cat":[16],"product_tag":[],"class_list":{"0":"post-4070","1":"product","2":"type-product","3":"status-publish","4":"has-post-thumbnail","6":"product_cat-uncategorized","8":"first","9":"instock","10":"taxable","11":"shipping-taxable","12":"purchasable","13":"product-type-simple","14":"entry","15":"content-bg","16":"loop-entry"},"acf":[],"_links":{"self":[{"href":"https:\/\/wordpress.mydrink.ee\/et\/wp-json\/wp\/v2\/product\/4070","targetHints":{"allow":["GET"]}}],"collection":[{"href":"https:\/\/wordpress.mydrink.ee\/et\/wp-json\/wp\/v2\/product"}],"about":[{"href":"https:\/\/wordpress.mydrink.ee\/et\/wp-json\/wp\/v2\/types\/product"}],"wp:featuredmedia":[{"embeddable":true,"href":"https:\/\/wordpress.mydrink.ee\/et\/wp-json\/wp\/v2\/media\/4069"}],"wp:attachment":[{"href":"https:\/\/wordpress.mydrink.ee\/et\/wp-json\/wp\/v2\/media?parent=4070"}],"wp:term":[{"taxonomy":"product_brand","embeddable":true,"href":"https:\/\/wordpress.mydrink.ee\/et\/wp-json\/wp\/v2\/product_brand?post=4070"},{"taxonomy":"product_cat","embeddable":true,"href":"https:\/\/wordpress.mydrink.ee\/et\/wp-json\/wp\/v2\/product_cat?post=4070"},{"taxonomy":"product_tag","embeddable":true,"href":"https:\/\/wordpress.mydrink.ee\/et\/wp-json\/wp\/v2\/product_tag?post=4070"}],"curies":[{"name":"wp","href":"https:\/\/api.w.org\/{rel}","templated":true}]}}