{"id":4161,"date":"2019-03-28T21:37:11","date_gmt":"2019-03-28T19:37:11","guid":{"rendered":"https:\/\/wordpress.mydrink.ee\/product\/piper-heidsieck-brut-vintage-2012-12-75cl\/"},"modified":"2019-03-28T21:37:11","modified_gmt":"2019-03-28T19:37:11","slug":"piper-heidsieck-brut-vintage-2012-12-75cl","status":"publish","type":"product","link":"https:\/\/wordpress.mydrink.ee\/et\/product\/piper-heidsieck-brut-vintage-2012-12-75cl\/","title":{"rendered":"PIPER HEIDSIECK BRUT VINTAGE 2014 12% 75CL"},"content":{"rendered":"<p><strong style=\"font-weight: bold; color: #000000; font-family: open-sans, sans-serif; font-size: 14px; font-style: normal; font-variant-ligatures: normal; font-variant-caps: normal; letter-spacing: normal; orphans: 2; text-align: justify; text-indent: 0px; text-transform: none; white-space: normal; widows: 2; word-spacing: 0px; -webkit-text-stroke-width: 0px; background-color: #ffffff; text-decoration-style: initial; text-decoration-color: initial;\">Tootekirjeldus:<\/strong><strong style=\"font-weight: bold; color: #000000; font-family: open-sans, sans-serif; font-size: 14px; font-style: normal; font-variant-ligatures: normal; font-variant-caps: normal; letter-spacing: normal; orphans: 2; text-align: justify; text-indent: 0px; text-transform: none; white-space: normal; widows: 2; word-spacing: 0px; -webkit-text-stroke-width: 0px; background-color: #ffffff; text-decoration-style: initial; text-decoration-color: initial;\"><br \/><\/strong><span style=\"color: #000000; font-family: open-sans, sans-serif; font-size: 14px; font-style: normal; font-variant-ligatures: normal; font-variant-caps: normal; font-weight: 400; letter-spacing: normal; orphans: 2; text-align: justify; text-indent: 0px; text-transform: none; white-space: normal; widows: 2; word-spacing: 0px; -webkit-text-stroke-width: 0px; background-color: #ffffff; text-decoration-style: initial; text-decoration-color: initial; display: inline !important; float: none;\">Piper-Heidsiecki \u0161ampanjat armastas Prantsusmaa kuninganna Marie Antoinette, seda joovad filmimaailma legendid Cannes\u2019i filmifestivalil ja Oscari galal ning just selle \u0161ampanjaga alustas oma p\u00e4eva ka Marilyn Monroe. Piper-Heidsiecki \u0161ampanjabr\u00e4nd on \u00fcks maailma vanematest, mille ajalugu ulatub 1785. aastasse.<\/span><\/p>\n","protected":false},"excerpt":{"rendered":"<p>Tooteliik: \u0160ampanja<br \/>\nMagususe aste: Kuiv<br \/>\nP\u00e4ritolumaa: Prantsusmaa<br \/>\nPiirkond: Champagne<br \/>\nViinamarjasort: 52% Pinot Noir, 48% Chardonnay<br \/>\nAlkoholisisaldus: 12%<br \/>\nV\u00e4rvus: Kuldne<br \/>\nAroom: Esile t\u00f5usevad v\u00e4rsked laimi-ja mandariinilehtede aroomid, mida seej\u00e4rel t\u00e4iustavad suitsused noodid.<br \/>\nMaitse: granaat\u00f5una ja mandli noodid, k\u00fcpsed marjad \u2013 must kirss ja mustikad. Pikk ja siidine j\u00e4rlemaitse.<br \/>\nSaadaolevad m\u00f5\u00f5dud: 75cl<\/p>\n","protected":false},"featured_media":4160,"template":"","meta":{"_acf_changed":false,"_kadence_starter_templates_imported_post":false,"_kad_post_transparent":"","_kad_post_title":"","_kad_post_layout":"","_kad_post_sidebar_id":"","_kad_post_content_style":"","_kad_post_vertical_padding":"","_kad_post_feature":"","_kad_post_feature_position":"","_kad_post_header":false,"_kad_post_footer":false,"_kad_post_classname":""},"product_brand":[],"product_cat":[122,24],"product_tag":[],"class_list":{"0":"post-4161","1":"product","2":"type-product","3":"status-publish","4":"has-post-thumbnail","6":"product_cat-shampanjad","7":"product_cat-vahuveinid","9":"first","10":"instock","11":"taxable","12":"shipping-taxable","13":"purchasable","14":"product-type-simple","15":"entry","16":"content-bg","17":"loop-entry"},"acf":[],"_links":{"self":[{"href":"https:\/\/wordpress.mydrink.ee\/et\/wp-json\/wp\/v2\/product\/4161","targetHints":{"allow":["GET"]}}],"collection":[{"href":"https:\/\/wordpress.mydrink.ee\/et\/wp-json\/wp\/v2\/product"}],"about":[{"href":"https:\/\/wordpress.mydrink.ee\/et\/wp-json\/wp\/v2\/types\/product"}],"wp:featuredmedia":[{"embeddable":true,"href":"https:\/\/wordpress.mydrink.ee\/et\/wp-json\/wp\/v2\/media\/4160"}],"wp:attachment":[{"href":"https:\/\/wordpress.mydrink.ee\/et\/wp-json\/wp\/v2\/media?parent=4161"}],"wp:term":[{"taxonomy":"product_brand","embeddable":true,"href":"https:\/\/wordpress.mydrink.ee\/et\/wp-json\/wp\/v2\/product_brand?post=4161"},{"taxonomy":"product_cat","embeddable":true,"href":"https:\/\/wordpress.mydrink.ee\/et\/wp-json\/wp\/v2\/product_cat?post=4161"},{"taxonomy":"product_tag","embeddable":true,"href":"https:\/\/wordpress.mydrink.ee\/et\/wp-json\/wp\/v2\/product_tag?post=4161"}],"curies":[{"name":"wp","href":"https:\/\/api.w.org\/{rel}","templated":true}]}}