{"id":4402,"date":"2021-09-28T15:02:01","date_gmt":"2021-09-28T12:02:01","guid":{"rendered":"https:\/\/wordpress.mydrink.ee\/product\/a-le-coq-premium-select-gluten-free-4-3-35-5cl-12-pack\/"},"modified":"2025-09-25T10:36:01","modified_gmt":"2025-09-25T07:36:01","slug":"a-le-coq-premium-select-gluten-free-4-3-35-5cl-12-pack","status":"publish","type":"product","link":"https:\/\/wordpress.mydrink.ee\/et\/product\/a-le-coq-premium-select-gluten-free-4-3-35-5cl-12-pack\/","title":{"rendered":"A. Le Coq Premium Select (Gluten Free) 4,3% 35,5CL 12-pack"},"content":{"rendered":"<p>Premium Select on hele linnaseline lager-t\u00fc\u00fcpi \u00f5lu, mille kerge maitse ja v\u00e4hene kalorsus on saavutatud t\u00e4nu k\u00e4\u00e4ritamisel kasutatud erilinnastele ja t\u0161ehhi aroomhumalatele.<br \/>\nEsimene gluteenivaba ja madalama kalorsusega \u00f5lu Eesti tootjalt.<\/p>\n","protected":false},"excerpt":{"rendered":"<p>Liik: Hele lager-t&uuml;&uuml;pi &otilde;lu<br \/>Kastis: 12<br \/>Maht: 4,26L<br \/>Alkoholisisaldus: 4,3%<br \/>P&auml;ritolumaa: Eesti<br \/>Serveerimine: Jahutatult<\/p>\n<p><span style=\"color: #ff0000;\">&Uuml;hte pakiautomaadi kappi mahub neli sellist toodet!<\/span><br \/><span style=\"color: #ff0000;\">Loe lisa <a href=\"http:\/\/mydrink.ee\/shipping\/?___store=est\" target=\"_blank\"><strong>siit<\/strong><\/a><\/span><\/p>\n","protected":false},"featured_media":4401,"template":"","meta":{"_acf_changed":false,"_kadence_starter_templates_imported_post":false,"_kad_post_transparent":"","_kad_post_title":"","_kad_post_layout":"","_kad_post_sidebar_id":"","_kad_post_content_style":"","_kad_post_vertical_padding":"","_kad_post_feature":"","_kad_post_feature_position":"","_kad_post_header":false,"_kad_post_footer":false,"_kad_post_classname":""},"product_brand":[],"product_cat":[110,91,127,88,25,232],"product_tag":[],"class_list":{"0":"post-4402","1":"product","2":"type-product","3":"status-publish","4":"has-post-thumbnail","6":"product_cat-pakkumised","7":"product_cat-ohooo","8":"product_cat-eesti","9":"product_cat-olu","10":"product_cat-olu-siider","11":"product_cat-pandipakend","13":"first","14":"instock","15":"sale","16":"taxable","17":"shipping-taxable","18":"purchasable","19":"product-type-simple","20":"entry","21":"content-bg","22":"loop-entry"},"acf":[],"_links":{"self":[{"href":"https:\/\/wordpress.mydrink.ee\/et\/wp-json\/wp\/v2\/product\/4402","targetHints":{"allow":["GET"]}}],"collection":[{"href":"https:\/\/wordpress.mydrink.ee\/et\/wp-json\/wp\/v2\/product"}],"about":[{"href":"https:\/\/wordpress.mydrink.ee\/et\/wp-json\/wp\/v2\/types\/product"}],"wp:featuredmedia":[{"embeddable":true,"href":"https:\/\/wordpress.mydrink.ee\/et\/wp-json\/wp\/v2\/media\/4401"}],"wp:attachment":[{"href":"https:\/\/wordpress.mydrink.ee\/et\/wp-json\/wp\/v2\/media?parent=4402"}],"wp:term":[{"taxonomy":"product_brand","embeddable":true,"href":"https:\/\/wordpress.mydrink.ee\/et\/wp-json\/wp\/v2\/product_brand?post=4402"},{"taxonomy":"product_cat","embeddable":true,"href":"https:\/\/wordpress.mydrink.ee\/et\/wp-json\/wp\/v2\/product_cat?post=4402"},{"taxonomy":"product_tag","embeddable":true,"href":"https:\/\/wordpress.mydrink.ee\/et\/wp-json\/wp\/v2\/product_tag?post=4402"}],"curies":[{"name":"wp","href":"https:\/\/api.w.org\/{rel}","templated":true}]}}