{"id":4552,"date":"2022-11-30T11:22:00","date_gmt":"2022-11-30T09:22:00","guid":{"rendered":"https:\/\/wordpress.mydrink.ee\/product\/barone-montalto-premiere-cuvee-spumante-11-5-75cl\/"},"modified":"2022-11-30T11:22:00","modified_gmt":"2022-11-30T09:22:00","slug":"barone-montalto-premiere-cuvee-spumante-11-5-75cl","status":"publish","type":"product","link":"https:\/\/wordpress.mydrink.ee\/et\/product\/barone-montalto-premiere-cuvee-spumante-11-5-75cl\/","title":{"rendered":"Barone Montalto Premiere Cuvee Spumante 11,5% 75CL"},"content":{"rendered":"<p style=\"box-sizing: border-box; margin: 0px 0px 9px; color: #605f5e; font-family: Lato, sans-serif; font-size: 14px; font-style: normal; font-variant-ligatures: normal; font-variant-caps: normal; font-weight: 400; letter-spacing: normal; orphans: 2; text-align: justify; text-indent: 0px; text-transform: none; white-space: normal; widows: 2; word-spacing: 0px; -webkit-text-stroke-width: 0px; background-color: #ffffff; text-decoration-thickness: initial; text-decoration-style: initial; text-decoration-color: initial;\"><span style=\"font-size: small;\">Juhtiv Sitsiilia veinitootja, kel on \u00f5nnestunud \u00fchendada sitsiilia veinitraditsioonid kaasaegse veinivalmistamise tehnoloogiaga. Sellise s\u00fcmbioosi tulemusena s\u00fcnnivad v\u00e4rske ja iseloomuliku karakteriga veinid Santa Ninfa, Agrigento ja Noto piirkondadest. Traditsiooniliste kohalike marjasortide k\u00f5rval leiame ka \u00fcle maailma tuntud veinimarju, kuid veinidel on p\u00f5nev kohalik isikup\u00e4ra. Parim Itaalia tootja aastal 2015 (AWC Vienna International Wine Challenge).<\/span><\/p>\n<p style=\"box-sizing: border-box; margin: 0px 0px 9px; color: #605f5e; font-family: Lato, sans-serif; font-size: 14px; font-style: normal; font-variant-ligatures: normal; font-variant-caps: normal; font-weight: 400; letter-spacing: normal; orphans: 2; text-align: justify; text-indent: 0px; text-transform: none; white-space: normal; widows: 2; word-spacing: 0px; -webkit-text-stroke-width: 0px; background-color: #ffffff; text-decoration-thickness: initial; text-decoration-style: initial; text-decoration-color: initial;\"><span style=\"font-size: small;\">Tootja veebileht:\u00a0<a href=\"http:\/\/baronemontalto.it\/\" style=\"box-sizing: border-box; background-color: transparent; color: #510426; text-decoration: none; outline: 0px;\" target=\"_blank\" rel=\"noopener\">http:\/\/baronemontalto.it<\/a><\/span><\/p>\n","protected":false},"excerpt":{"rendered":"<p>Tooteliik:\tVahuvein<br \/>\nP\u00e4ritolumaa:\tItaalia<br \/>\nPiirkond:\tSicilia<br \/>\nViinamarjasort:\tChardonnay<br \/>\nV\u00e4rvus:\tKahvatu \u00f5lekollase v\u00e4rvuse ja p\u00fcsiva mullitusega elegantne vahuvein.<br \/>\nAroom:\tPakub oma v\u00e4rskes aroomibuketis \u00f5unte, tsitrusviljade ja lillede alatoone.<br \/>\nMaitse:\tKarge ja kuiva vahuveini puuviljases maitses on tunda k\u00fcpse \u00f5una ja valge virsiku n\u00fcansse. Martinotti meetodil valmistatud vahuveini j\u00e4relmaitse on meeldivalt v\u00e4rskendav ja puhas.<br \/>\nToidusoovitus:\tSobib suurep\u00e4raselt aperitiiviks, kergemate salatite ja suupistete k\u00f5rvale, kala, mereannid.<br \/>\nServeerimistemperatuur\tServeerida jahutatuna 7-9\u00b0C vahuveini klaasist.<br \/>\nSaadaolevad m\u00f5\u00f5dud\t75 cl<\/p>\n","protected":false},"featured_media":4551,"template":"","meta":{"_acf_changed":false,"_kadence_starter_templates_imported_post":false,"_kad_post_transparent":"","_kad_post_title":"","_kad_post_layout":"","_kad_post_sidebar_id":"","_kad_post_content_style":"","_kad_post_vertical_padding":"","_kad_post_feature":"","_kad_post_feature_position":"","_kad_post_header":false,"_kad_post_footer":false,"_kad_post_classname":""},"product_brand":[],"product_cat":[78,24,123,180],"product_tag":[],"class_list":{"0":"post-4552","1":"product","2":"type-product","3":"status-publish","4":"has-post-thumbnail","6":"product_cat-itaalia-1-2","7":"product_cat-vahuveinid","8":"product_cat-vahuveinid-1","9":"product_cat-veinid","11":"first","12":"instock","13":"taxable","14":"shipping-taxable","15":"purchasable","16":"product-type-simple","17":"entry","18":"content-bg","19":"loop-entry"},"acf":[],"_links":{"self":[{"href":"https:\/\/wordpress.mydrink.ee\/et\/wp-json\/wp\/v2\/product\/4552","targetHints":{"allow":["GET"]}}],"collection":[{"href":"https:\/\/wordpress.mydrink.ee\/et\/wp-json\/wp\/v2\/product"}],"about":[{"href":"https:\/\/wordpress.mydrink.ee\/et\/wp-json\/wp\/v2\/types\/product"}],"wp:featuredmedia":[{"embeddable":true,"href":"https:\/\/wordpress.mydrink.ee\/et\/wp-json\/wp\/v2\/media\/4551"}],"wp:attachment":[{"href":"https:\/\/wordpress.mydrink.ee\/et\/wp-json\/wp\/v2\/media?parent=4552"}],"wp:term":[{"taxonomy":"product_brand","embeddable":true,"href":"https:\/\/wordpress.mydrink.ee\/et\/wp-json\/wp\/v2\/product_brand?post=4552"},{"taxonomy":"product_cat","embeddable":true,"href":"https:\/\/wordpress.mydrink.ee\/et\/wp-json\/wp\/v2\/product_cat?post=4552"},{"taxonomy":"product_tag","embeddable":true,"href":"https:\/\/wordpress.mydrink.ee\/et\/wp-json\/wp\/v2\/product_tag?post=4552"}],"curies":[{"name":"wp","href":"https:\/\/api.w.org\/{rel}","templated":true}]}}