{"id":4658,"date":"2023-06-28T10:25:12","date_gmt":"2023-06-28T07:25:12","guid":{"rendered":"https:\/\/wordpress.mydrink.ee\/product\/happy-joe-extra-dry-pear-cider-4-5-vol-33cl-x-24\/"},"modified":"2025-09-25T10:24:09","modified_gmt":"2025-09-25T07:24:09","slug":"happy-joe-extra-dry-pear-cider-4-5-vol-33cl-x-24","status":"publish","type":"product","link":"https:\/\/wordpress.mydrink.ee\/et\/product\/happy-joe-extra-dry-pear-cider-4-5-vol-33cl-x-24\/","title":{"rendered":"Happy Joe Extra Dry Pear Cider 4,5% vol 33CL x 24"},"content":{"rendered":"<ul class=\"left-hard-facts-column\" style=\"box-sizing: inherit; margin: 0px; padding: 0px; line-height: 1.6; list-style-position: outside; list-style-type: inherit; color: #2a2a2a; font-family: LocatorWebRegular, sans-serif; font-size: 16px; font-style: normal; font-variant-ligatures: normal; font-variant-caps: normal; font-weight: 400; letter-spacing: normal; orphans: 2; text-align: left; text-indent: 0px; text-transform: none; widows: 2; word-spacing: 0px; -webkit-text-stroke-width: 0px; white-space: normal; background-color: #f4f4f4; text-decoration-thickness: initial; text-decoration-style: initial; text-decoration-color: initial;\">\n<li class=\"column\" style=\"box-sizing: inherit; margin: 0px 0px 0.375rem; padding: 0px; font-size: inherit; width: 544px; float: left;\">\n<div class=\"column tiny-6 small-b1 h8 fact-label\" style=\"box-sizing: inherit; margin: 0px; padding: 0px 0.5rem 0px 0px; width: 272px; float: left; font-size: 0.875rem; font-weight: normal; line-height: 1.05rem; color: #727272; font-family: LocatorWebRegular, sans-serif; overflow-wrap: break-word;\">SOKERI\u00a0\u00a0\u00a0\u00a0\u00a0\u00a0\u00a0\u00a0\u00a0 \u00a0\u00a0 45.0\u00a0g\/l<br \/>ENERGIA\u00a0\u00a0\u00a0\u00a0\u00a0\u00a0\u00a0\u00a0\u00a0\u00a0 40.0\u00a0kcal\/100 ml AINESOSAT\u00a0\u00a0\u00a0\u00a0\u00a0\u00a0 Sis\u00e4lt\u00e4\u00e4\u00a0 sulfiitteja<\/div>\n<\/li>\n<\/ul>\n","protected":false},"excerpt":{"rendered":"<p style=\"color: #2f2f2f; font-family: Arial, Helvetica, sans-serif; font-size: 12px; font-style: normal; font-variant: normal; font-weight: normal; letter-spacing: normal; line-height: normal; orphans: auto; text-align: start; text-indent: 0px; text-transform: none; white-space: normal; widows: auto; word-spacing: 0px; -webkit-text-stroke-width: 0px;\">Liik: Lahja alkohoolne jook, Siider<br \/>Kastis: 24<br \/>Maht: 7,92L<br \/>Alkoholisisaldus: 4,5%<br \/>P&auml;ritolumaa: Soome<br \/>Serveerimine: Jahutatult<\/p>\n","protected":false},"featured_media":4657,"template":"","meta":{"_acf_changed":false,"_kadence_starter_templates_imported_post":false,"_kad_post_transparent":"","_kad_post_title":"","_kad_post_layout":"","_kad_post_sidebar_id":"","_kad_post_content_style":"","_kad_post_vertical_padding":"","_kad_post_feature":"","_kad_post_feature_position":"","_kad_post_header":false,"_kad_post_footer":false,"_kad_post_classname":""},"product_brand":[],"product_cat":[110,91,25,232,89],"product_tag":[],"class_list":{"0":"post-4658","1":"product","2":"type-product","3":"status-publish","4":"has-post-thumbnail","6":"product_cat-pakkumised","7":"product_cat-ohooo","8":"product_cat-olu-siider","9":"product_cat-pandipakend","10":"product_cat-siider","12":"first","13":"instock","14":"sale","15":"taxable","16":"shipping-taxable","17":"purchasable","18":"product-type-simple","19":"entry","20":"content-bg","21":"loop-entry"},"acf":[],"_links":{"self":[{"href":"https:\/\/wordpress.mydrink.ee\/et\/wp-json\/wp\/v2\/product\/4658","targetHints":{"allow":["GET"]}}],"collection":[{"href":"https:\/\/wordpress.mydrink.ee\/et\/wp-json\/wp\/v2\/product"}],"about":[{"href":"https:\/\/wordpress.mydrink.ee\/et\/wp-json\/wp\/v2\/types\/product"}],"wp:featuredmedia":[{"embeddable":true,"href":"https:\/\/wordpress.mydrink.ee\/et\/wp-json\/wp\/v2\/media\/4657"}],"wp:attachment":[{"href":"https:\/\/wordpress.mydrink.ee\/et\/wp-json\/wp\/v2\/media?parent=4658"}],"wp:term":[{"taxonomy":"product_brand","embeddable":true,"href":"https:\/\/wordpress.mydrink.ee\/et\/wp-json\/wp\/v2\/product_brand?post=4658"},{"taxonomy":"product_cat","embeddable":true,"href":"https:\/\/wordpress.mydrink.ee\/et\/wp-json\/wp\/v2\/product_cat?post=4658"},{"taxonomy":"product_tag","embeddable":true,"href":"https:\/\/wordpress.mydrink.ee\/et\/wp-json\/wp\/v2\/product_tag?post=4658"}],"curies":[{"name":"wp","href":"https:\/\/api.w.org\/{rel}","templated":true}]}}