{"id":4744,"date":"2024-06-12T14:27:26","date_gmt":"2024-06-12T11:27:26","guid":{"rendered":"https:\/\/wordpress.mydrink.ee\/product\/banfi-grappa-poggio-alle-mura-riserva-45-50cl-box\/"},"modified":"2024-06-12T14:27:26","modified_gmt":"2024-06-12T11:27:26","slug":"banfi-grappa-poggio-alle-mura-riserva-45-50cl-box","status":"publish","type":"product","link":"https:\/\/wordpress.mydrink.ee\/et\/product\/banfi-grappa-poggio-alle-mura-riserva-45-50cl-box\/","title":{"rendered":"BANFI GRAPPA POGGIO ALLE MURA RISERVA 45% 50CL BOX"},"content":{"rendered":"<p><strong>Kirjeldus<\/strong>:<br \/>Grappa on Itaalia rahvusjook (destilleeritud alkohoolne jook), mis on valmistatud k\u00e4\u00e4ritatud viinamarjakestadest ja destilleeritud kas auruga, v\u00f5i veega segatult.<br \/>Poggio Alle Mura Riserva Grappa on arenenud 18 kuud Slavoonia\u00a0 tammevaadis<\/p>\n","protected":false},"excerpt":{"rendered":"<p>Tooteliik:&nbsp;&nbsp; &nbsp; Grappa <br \/>P&auml;ritolumaa:&nbsp;&nbsp; &nbsp;Itaalia<br \/>Piirkond:&nbsp;&nbsp; &nbsp;Toskaana<br \/>Tootja: Banfi s.r.l<br \/>Marjasort: Sangiovese<br \/>Alkoholisisaldus:&nbsp;&nbsp; &nbsp;45% vol<br \/>V&auml;rvus:&nbsp;&nbsp; &nbsp;V&auml;rvus on merevaigukollane, kuldne.<br \/>Aroom: Aroom on puuviljane ja lilleline, tunda tsitrusekoort, tammevaadi vaniljesust ja v&uuml;rtse.<br \/>Maitse: &nbsp;&nbsp; &nbsp;Maitse pehme ja sametine, tunda k&uuml;pseid puuvilju, kuivatatud &uuml;rte, p&auml;rna&otilde;isi, tsitruse&otilde;li, vaniljesust ja aimatavat meek&auml;rge. J&auml;remaitse pikk ja sametiselt pehme.<br \/>Toidusoovitus:&nbsp;&nbsp; &nbsp;Digestiiv, Iseseisvalt nautimiseks, Tugevamad juustud.<br \/>Serveerimistemperatuur:&nbsp;&nbsp; &nbsp;17-18&deg;C grappa klaasist v&otilde;i &bdquo;Snifter&ldquo; t&uuml;&uuml;pi klaasist.<br \/>S&auml;ilitustingimused: Toode on pakendatud kinkekarpi, s&auml;ilitada vertikaalses asendis.<\/p>\n","protected":false},"featured_media":4743,"template":"","meta":{"_acf_changed":false,"_kadence_starter_templates_imported_post":false,"_kad_post_transparent":"","_kad_post_title":"","_kad_post_layout":"","_kad_post_sidebar_id":"","_kad_post_content_style":"","_kad_post_vertical_padding":"","_kad_post_feature":"","_kad_post_feature_position":"","_kad_post_header":false,"_kad_post_footer":false,"_kad_post_classname":""},"product_brand":[],"product_cat":[94,26],"product_tag":[],"class_list":{"0":"post-4744","1":"product","2":"type-product","3":"status-publish","4":"has-post-thumbnail","6":"product_cat-grappa","7":"product_cat-kange-alkohol","9":"first","10":"instock","11":"taxable","12":"shipping-taxable","13":"purchasable","14":"product-type-simple","15":"entry","16":"content-bg","17":"loop-entry"},"acf":[],"_links":{"self":[{"href":"https:\/\/wordpress.mydrink.ee\/et\/wp-json\/wp\/v2\/product\/4744","targetHints":{"allow":["GET"]}}],"collection":[{"href":"https:\/\/wordpress.mydrink.ee\/et\/wp-json\/wp\/v2\/product"}],"about":[{"href":"https:\/\/wordpress.mydrink.ee\/et\/wp-json\/wp\/v2\/types\/product"}],"wp:featuredmedia":[{"embeddable":true,"href":"https:\/\/wordpress.mydrink.ee\/et\/wp-json\/wp\/v2\/media\/4743"}],"wp:attachment":[{"href":"https:\/\/wordpress.mydrink.ee\/et\/wp-json\/wp\/v2\/media?parent=4744"}],"wp:term":[{"taxonomy":"product_brand","embeddable":true,"href":"https:\/\/wordpress.mydrink.ee\/et\/wp-json\/wp\/v2\/product_brand?post=4744"},{"taxonomy":"product_cat","embeddable":true,"href":"https:\/\/wordpress.mydrink.ee\/et\/wp-json\/wp\/v2\/product_cat?post=4744"},{"taxonomy":"product_tag","embeddable":true,"href":"https:\/\/wordpress.mydrink.ee\/et\/wp-json\/wp\/v2\/product_tag?post=4744"}],"curies":[{"name":"wp","href":"https:\/\/api.w.org\/{rel}","templated":true}]}}