{"id":772,"date":"2012-07-13T10:48:49","date_gmt":"2012-07-13T07:48:49","guid":{"rendered":"https:\/\/wordpress.mydrink.ee\/product\/espiritu-de-chile-gran-res-cabernet-sauvignon-08-13-5-75cl\/"},"modified":"2012-07-13T10:48:49","modified_gmt":"2012-07-13T07:48:49","slug":"espiritu-de-chile-gran-res-cabernet-sauvignon-08-13-5-75cl","status":"publish","type":"product","link":"https:\/\/wordpress.mydrink.ee\/et\/product\/espiritu-de-chile-gran-res-cabernet-sauvignon-08-13-5-75cl\/","title":{"rendered":"ESPIRITU DE CHILE GRAN RES. CABERNET SAUVIGNON\u00b408 13.5% 75Cl"},"content":{"rendered":"<p>Punane keskmise t\u00e4idlusega kuiv vein, mille v\u00e4rvuses on kerge lillakas helk.<\/p>\n","protected":false},"excerpt":{"rendered":"<p>Liik: Geograafilise t\u00e4hisega vein<\/p>\n<p>Kastis: 6<br \/>\nMaht: 75CL<br \/>\nAlkoholisisaldus: 13,5%<br \/>\nP\u00e4ritolumaa: T\u0161iili<br \/>\nPiirkond: Curico Valley<br \/>\nViinamarjasort: Cabernet Sauvignon<br \/>\nLaagerdamine: Vein on laagerdunud 12 kuud tammevaadis.<br \/>\nAroom: Veini marjases aroomis tuleb esile musts\u00f5star, p\u00f5ldmari, \u0161okolaad, kuivatatud ploom ja vanilje.<br \/>\nMaitse: Veini kompleksne maitse pakub nauditavat k\u00fcpset marjasust, mida tasakaalustab meeldiv sametine parkhape.<br \/>\nToidusoovitus: Sobib serveerida erinevate liharoogade ja grill-liha juurde.<br \/>\nServeerimine: 16-18 \u00b0C<\/p>\n","protected":false},"featured_media":771,"template":"","meta":{"_acf_changed":false,"_kadence_starter_templates_imported_post":false,"_kad_post_transparent":"","_kad_post_title":"","_kad_post_layout":"","_kad_post_sidebar_id":"","_kad_post_content_style":"","_kad_post_vertical_padding":"","_kad_post_feature":"","_kad_post_feature_position":"","_kad_post_header":false,"_kad_post_footer":false,"_kad_post_classname":""},"product_brand":[],"product_cat":[20,34,180],"product_tag":[],"class_list":{"0":"post-772","1":"product","2":"type-product","3":"status-publish","4":"has-post-thumbnail","6":"product_cat-punased-veinid","7":"product_cat-thsiili","8":"product_cat-veinid","10":"first","11":"instock","12":"taxable","13":"shipping-taxable","14":"purchasable","15":"product-type-simple","16":"entry","17":"content-bg","18":"loop-entry"},"acf":[],"_links":{"self":[{"href":"https:\/\/wordpress.mydrink.ee\/et\/wp-json\/wp\/v2\/product\/772","targetHints":{"allow":["GET"]}}],"collection":[{"href":"https:\/\/wordpress.mydrink.ee\/et\/wp-json\/wp\/v2\/product"}],"about":[{"href":"https:\/\/wordpress.mydrink.ee\/et\/wp-json\/wp\/v2\/types\/product"}],"wp:featuredmedia":[{"embeddable":true,"href":"https:\/\/wordpress.mydrink.ee\/et\/wp-json\/wp\/v2\/media\/771"}],"wp:attachment":[{"href":"https:\/\/wordpress.mydrink.ee\/et\/wp-json\/wp\/v2\/media?parent=772"}],"wp:term":[{"taxonomy":"product_brand","embeddable":true,"href":"https:\/\/wordpress.mydrink.ee\/et\/wp-json\/wp\/v2\/product_brand?post=772"},{"taxonomy":"product_cat","embeddable":true,"href":"https:\/\/wordpress.mydrink.ee\/et\/wp-json\/wp\/v2\/product_cat?post=772"},{"taxonomy":"product_tag","embeddable":true,"href":"https:\/\/wordpress.mydrink.ee\/et\/wp-json\/wp\/v2\/product_tag?post=772"}],"curies":[{"name":"wp","href":"https:\/\/api.w.org\/{rel}","templated":true}]}}