{"id":779,"date":"2012-07-13T10:48:50","date_gmt":"2012-07-13T07:48:50","guid":{"rendered":"https:\/\/wordpress.mydrink.ee\/product\/espiritu-de-chile-gran-res-carmenere-08-13-5-75cl\/"},"modified":"2012-07-13T10:48:50","modified_gmt":"2012-07-13T07:48:50","slug":"espiritu-de-chile-gran-res-carmenere-08-13-5-75cl","status":"publish","type":"product","link":"https:\/\/wordpress.mydrink.ee\/et\/product\/espiritu-de-chile-gran-res-carmenere-08-13-5-75cl\/","title":{"rendered":"ESPIRITU DE CHILE GRAN RES.CARMENERE \u00b408 13.5% 75CL"},"content":{"rendered":"<p>Punane keskmise t\u00e4idlusega kuiv vein, mille v\u00e4rvuses on kerge lillakas<br \/>\nhelk.<\/p>\n","protected":false},"excerpt":{"rendered":"<p>Liik: Geograafilise t\u00e4hisega vein<br \/>\nKastis: 6<br \/>\nMaht: 75CL<br \/>\nAlkoholisisaldus: 13,5%<br \/>\nP\u00e4ritolumaa: T\u0161iili<br \/>\nPiirkond: Curico Valley<br \/>\nViinamarjasort: Carmenere<br \/>\nLaagerdamine: Vein on laagerdunud 10 kuud tammevaadis.<br \/>\nAroom: Veini marjases aroomis tuleb esile p\u00f5ldmari, \u0161okolaad, kuivatatud ploomi, tumeda \u0161okolaadi ja kohvi n\u00fcansse.<br \/>\nMaitse: Veini kompleksne maitse pakub nauditavat k\u00fcpset marjasust, mida tasakaalustab meeldiv sametine parkhape.<br \/>\nToidusoovitus: Sobib serveerida sea- ja loomaliha, ulukiliha ja juustude juurde.<br \/>\nServeerimine: 16-18 C<\/p>\n","protected":false},"featured_media":778,"template":"","meta":{"_acf_changed":false,"_kadence_starter_templates_imported_post":false,"_kad_post_transparent":"","_kad_post_title":"","_kad_post_layout":"","_kad_post_sidebar_id":"","_kad_post_content_style":"","_kad_post_vertical_padding":"","_kad_post_feature":"","_kad_post_feature_position":"","_kad_post_header":false,"_kad_post_footer":false,"_kad_post_classname":""},"product_brand":[],"product_cat":[20,34,180],"product_tag":[],"class_list":{"0":"post-779","1":"product","2":"type-product","3":"status-publish","4":"has-post-thumbnail","6":"product_cat-punased-veinid","7":"product_cat-thsiili","8":"product_cat-veinid","10":"first","11":"instock","12":"taxable","13":"shipping-taxable","14":"purchasable","15":"product-type-simple","16":"entry","17":"content-bg","18":"loop-entry"},"acf":[],"_links":{"self":[{"href":"https:\/\/wordpress.mydrink.ee\/et\/wp-json\/wp\/v2\/product\/779","targetHints":{"allow":["GET"]}}],"collection":[{"href":"https:\/\/wordpress.mydrink.ee\/et\/wp-json\/wp\/v2\/product"}],"about":[{"href":"https:\/\/wordpress.mydrink.ee\/et\/wp-json\/wp\/v2\/types\/product"}],"wp:featuredmedia":[{"embeddable":true,"href":"https:\/\/wordpress.mydrink.ee\/et\/wp-json\/wp\/v2\/media\/778"}],"wp:attachment":[{"href":"https:\/\/wordpress.mydrink.ee\/et\/wp-json\/wp\/v2\/media?parent=779"}],"wp:term":[{"taxonomy":"product_brand","embeddable":true,"href":"https:\/\/wordpress.mydrink.ee\/et\/wp-json\/wp\/v2\/product_brand?post=779"},{"taxonomy":"product_cat","embeddable":true,"href":"https:\/\/wordpress.mydrink.ee\/et\/wp-json\/wp\/v2\/product_cat?post=779"},{"taxonomy":"product_tag","embeddable":true,"href":"https:\/\/wordpress.mydrink.ee\/et\/wp-json\/wp\/v2\/product_tag?post=779"}],"curies":[{"name":"wp","href":"https:\/\/api.w.org\/{rel}","templated":true}]}}