{"id":1702,"date":"2014-01-24T11:26:38","date_gmt":"2014-01-24T09:26:38","guid":{"rendered":"https:\/\/wordpress.mydrink.ee\/product\/hartwall-original-long-drink-5-5-vol-33cl-x-24\/"},"modified":"2025-10-14T11:57:40","modified_gmt":"2025-10-14T08:57:40","slug":"hartwall-original-long-drink-5-5-vol-33cl-x-24","status":"publish","type":"product","link":"https:\/\/wordpress.mydrink.ee\/fi\/product\/hartwall-original-long-drink-5-5-vol-33cl-x-24\/","title":{"rendered":"Hartwall Original Long Drink 5,5% vol 33CL x 24"},"content":{"rendered":"<p>Hartwall Original Long Drink loodi spetsiaalselt Helsingi Ol\u00fcmpiam\u00e4ngudeks 1952. Esialgselt oligi m\u00f5te toota seda m\u00e4ngude ajal, kuid selle suurep\u00e4rasele m\u00fc\u00fcgiedule tuginedes j\u00e4tkub tootmine kuni t\u00e4naseni.<br \/>\n Hartwall toodab endiselt Hartwall Original Long Drink\u2019i, mis on vaieldamatu number \u00fcks long drinkide kategoorias Soomes (\u00fcle 70% turuosa).<br \/>\n See on v\u00e4ga populaarne ka Eestis ning n.\u00f6. travel retail sektoris.<br \/>\n T\u00e4nu Hartwall Original Long Drink populaarsusele on t\u00e4naseks nii m\u00f5nedki konkureerivad tootjad p\u00fc\u00fcdnud seda j\u00e4ljendada.<br \/>\n Siiski saame julgelt v\u00e4ita, et Hartwall Original Long Drink eelis konkurentide ees on selles, et tootmisel kasutatakse ehtsat d\u017einni (konkurendid kasutavad tavaliselt odavamat fermentatsiooni meetodi).<br \/>\n See annab Hartwall Original Long Drink\u2019ile tuntavalt parema kvaliteedi nii maitses kui aroomis.<\/p>","protected":false},"excerpt":{"rendered":"<p>Liik: Long Drink<br \/>Kastis: 24<br \/>Maht: 7,92L<br \/>Alkoholisisaldus: 5,5% vol<br \/>P&auml;ritolumaa: Soome<br \/>Serveerimine: Jahutatult<\/p>","protected":false},"featured_media":1700,"template":"","meta":{"_acf_changed":false,"_kadence_starter_templates_imported_post":false,"_kad_post_transparent":"","_kad_post_title":"","_kad_post_layout":"","_kad_post_sidebar_id":"","_kad_post_content_style":"","_kad_post_vertical_padding":"","_kad_post_feature":"","_kad_post_feature_position":"","_kad_post_header":false,"_kad_post_footer":false,"_kad_post_classname":""},"product_brand":[],"product_cat":[110,91,87,90,25,232],"product_tag":[],"class_list":{"0":"post-1702","1":"product","2":"type-product","3":"status-publish","4":"has-post-thumbnail","6":"product_cat-pakkumised","7":"product_cat-ohooo","8":"product_cat-frontpage","9":"product_cat-long-drink","10":"product_cat-olu-siider","11":"product_cat-pandipakend","13":"first","14":"instock","15":"sale","16":"taxable","17":"shipping-taxable","18":"purchasable","19":"product-type-simple","20":"entry","21":"content-bg","22":"loop-entry"},"acf":[],"_links":{"self":[{"href":"https:\/\/wordpress.mydrink.ee\/fi\/wp-json\/wp\/v2\/product\/1702","targetHints":{"allow":["GET"]}}],"collection":[{"href":"https:\/\/wordpress.mydrink.ee\/fi\/wp-json\/wp\/v2\/product"}],"about":[{"href":"https:\/\/wordpress.mydrink.ee\/fi\/wp-json\/wp\/v2\/types\/product"}],"wp:featuredmedia":[{"embeddable":true,"href":"https:\/\/wordpress.mydrink.ee\/fi\/wp-json\/wp\/v2\/media\/1700"}],"wp:attachment":[{"href":"https:\/\/wordpress.mydrink.ee\/fi\/wp-json\/wp\/v2\/media?parent=1702"}],"wp:term":[{"taxonomy":"product_brand","embeddable":true,"href":"https:\/\/wordpress.mydrink.ee\/fi\/wp-json\/wp\/v2\/product_brand?post=1702"},{"taxonomy":"product_cat","embeddable":true,"href":"https:\/\/wordpress.mydrink.ee\/fi\/wp-json\/wp\/v2\/product_cat?post=1702"},{"taxonomy":"product_tag","embeddable":true,"href":"https:\/\/wordpress.mydrink.ee\/fi\/wp-json\/wp\/v2\/product_tag?post=1702"}],"curies":[{"name":"wp","href":"https:\/\/api.w.org\/{rel}","templated":true}]}}