{"id":1787,"date":"2014-01-31T13:42:50","date_gmt":"2014-01-31T11:42:50","guid":{"rendered":"https:\/\/wordpress.mydrink.ee\/product\/zeljonaja-marka-kedrovaja-40-100cl\/"},"modified":"2014-01-31T13:42:50","modified_gmt":"2014-01-31T11:42:50","slug":"zeljonaja-marka-kedrovaja-40-100cl","status":"publish","type":"product","link":"https:\/\/wordpress.mydrink.ee\/fi\/product\/zeljonaja-marka-kedrovaja-40-100cl\/","title":{"rendered":"ZELJONAJA MARKA KEDROVAJA 40%100CL"},"content":{"rendered":"<p>Zeljonaja Marka Kedrovaja (Green Mark Cedar nut) viin sisaldab seederm\u00e4nni seemne infusiooni. Naturaalse seederm\u00e4nni seemne infusiooni hoitakse spetsiaalselt selleks loodud tsisternides 10 p\u00e4eva, misj\u00e4rel see filtreeritakse ning lisatakse viinale, et saavutada pehme ning seedri eeterlike \u00f5lide rikas toode. <\/p>\n<p>Zeljonaja Marka viinad on valmistatud kasutades vaid looduslikke koostisosi jada-destilleerimise meetodil, mis v\u00f5imaldab toote t\u00e4ielikult automatiseeritud tootmist, elimineerides inimese sekkumise. Sellise t\u00e4iustatud tootmisprotsessi kasutamine annab viinale erakordselt maheda maitse. Pudelitel on spetsiaalne korgist kork, meenutamaks 20. sajandi alguse traditsioonilisi pudeldamise viise.<\/p>","protected":false},"excerpt":{"rendered":"<p>Liik: Kange alkohol, Viin<br \/>\nKastis: 6<br \/>\nMaht: 100CL<br \/>\nAlkoholisisaldus: 40%<br \/>\nP\u00e4ritolumaa: Venemaa<br \/>\nV\u00e4rvus: selge ja v\u00e4rvitu<br \/>\nServeerimine: jahutatult puhtalt v\u00f5i kokteilides<\/p>","protected":false},"featured_media":1786,"template":"","meta":{"_acf_changed":false,"_kadence_starter_templates_imported_post":false,"_kad_post_transparent":"","_kad_post_title":"","_kad_post_layout":"","_kad_post_sidebar_id":"","_kad_post_content_style":"","_kad_post_vertical_padding":"","_kad_post_feature":"","_kad_post_feature_position":"","_kad_post_header":false,"_kad_post_footer":false,"_kad_post_classname":""},"product_brand":[],"product_cat":[26,46],"product_tag":[],"class_list":{"0":"post-1787","1":"product","2":"type-product","3":"status-publish","4":"has-post-thumbnail","6":"product_cat-kange-alkohol","7":"product_cat-vodka","9":"first","10":"instock","11":"taxable","12":"shipping-taxable","13":"purchasable","14":"product-type-simple","15":"entry","16":"content-bg","17":"loop-entry"},"acf":[],"_links":{"self":[{"href":"https:\/\/wordpress.mydrink.ee\/fi\/wp-json\/wp\/v2\/product\/1787","targetHints":{"allow":["GET"]}}],"collection":[{"href":"https:\/\/wordpress.mydrink.ee\/fi\/wp-json\/wp\/v2\/product"}],"about":[{"href":"https:\/\/wordpress.mydrink.ee\/fi\/wp-json\/wp\/v2\/types\/product"}],"wp:featuredmedia":[{"embeddable":true,"href":"https:\/\/wordpress.mydrink.ee\/fi\/wp-json\/wp\/v2\/media\/1786"}],"wp:attachment":[{"href":"https:\/\/wordpress.mydrink.ee\/fi\/wp-json\/wp\/v2\/media?parent=1787"}],"wp:term":[{"taxonomy":"product_brand","embeddable":true,"href":"https:\/\/wordpress.mydrink.ee\/fi\/wp-json\/wp\/v2\/product_brand?post=1787"},{"taxonomy":"product_cat","embeddable":true,"href":"https:\/\/wordpress.mydrink.ee\/fi\/wp-json\/wp\/v2\/product_cat?post=1787"},{"taxonomy":"product_tag","embeddable":true,"href":"https:\/\/wordpress.mydrink.ee\/fi\/wp-json\/wp\/v2\/product_tag?post=1787"}],"curies":[{"name":"wp","href":"https:\/\/api.w.org\/{rel}","templated":true}]}}