{"id":1840,"date":"2014-03-14T23:41:40","date_gmt":"2014-03-14T21:41:40","guid":{"rendered":"https:\/\/wordpress.mydrink.ee\/product\/zeljonaja-marka-speczakaz-40-70cl\/"},"modified":"2025-09-09T03:03:47","modified_gmt":"2025-09-09T00:03:47","slug":"zeljonaja-marka-speczakaz-40-70cl","status":"publish","type":"product","link":"https:\/\/wordpress.mydrink.ee\/fi\/product\/zeljonaja-marka-speczakaz-40-70cl\/","title":{"rendered":"ZELJONAJA MARKA SPECZAKAZ 40%70CL"},"content":{"rendered":"<p>Zeljonaja Marka Spec. Zakaz (Green Mark Special Order) viina unikaalne kerge maitse on saavutatud lisatud ingveri ja kardemoni segust. Zeljonaja Marka (Green Mark) viinad on valmistatud kasutades vaid looduslikke koostisosi jada-destilleerimise meetodil, mis v\u00f5imaldab toote t\u00e4ielikult automatiseeritud tootmist, elimineerides inimese sekkumise. Sellise t\u00e4iustatud tootmisprotsessi kasutamine annab viinale erakordselt maheda maitse. Pudelitel on spetsiaalne korgist kork, meenutamaks 20. sajandi alguse traditsioonilisi pudeldamise viise.<\/p>","protected":false},"excerpt":{"rendered":"<p>Liik: Kange alkohol, Viin<br \/>\n Kastis: 12<br \/>\n Maht: 70CL<br \/>\n Alkoholisisaldus: 40%<br \/>\n P\u00e4ritolumaa: Venemaa<br \/>\n V\u00e4rvus: selge ja v\u00e4rvitu<br \/>\n Serveerimine: jahutatult puhtalt v\u00f5i kokteilides<\/p>","protected":false},"featured_media":1839,"template":"","meta":{"_acf_changed":false,"_kadence_starter_templates_imported_post":false,"_kad_post_transparent":"","_kad_post_title":"","_kad_post_layout":"","_kad_post_sidebar_id":"","_kad_post_content_style":"","_kad_post_vertical_padding":"","_kad_post_feature":"","_kad_post_feature_position":"","_kad_post_header":false,"_kad_post_footer":false,"_kad_post_classname":""},"product_brand":[],"product_cat":[46],"product_tag":[],"class_list":{"0":"post-1840","1":"product","2":"type-product","3":"status-publish","4":"has-post-thumbnail","6":"product_cat-vodka","8":"first","9":"instock","10":"taxable","11":"shipping-taxable","12":"purchasable","13":"product-type-simple","14":"entry","15":"content-bg","16":"loop-entry"},"acf":[],"_links":{"self":[{"href":"https:\/\/wordpress.mydrink.ee\/fi\/wp-json\/wp\/v2\/product\/1840","targetHints":{"allow":["GET"]}}],"collection":[{"href":"https:\/\/wordpress.mydrink.ee\/fi\/wp-json\/wp\/v2\/product"}],"about":[{"href":"https:\/\/wordpress.mydrink.ee\/fi\/wp-json\/wp\/v2\/types\/product"}],"wp:featuredmedia":[{"embeddable":true,"href":"https:\/\/wordpress.mydrink.ee\/fi\/wp-json\/wp\/v2\/media\/1839"}],"wp:attachment":[{"href":"https:\/\/wordpress.mydrink.ee\/fi\/wp-json\/wp\/v2\/media?parent=1840"}],"wp:term":[{"taxonomy":"product_brand","embeddable":true,"href":"https:\/\/wordpress.mydrink.ee\/fi\/wp-json\/wp\/v2\/product_brand?post=1840"},{"taxonomy":"product_cat","embeddable":true,"href":"https:\/\/wordpress.mydrink.ee\/fi\/wp-json\/wp\/v2\/product_cat?post=1840"},{"taxonomy":"product_tag","embeddable":true,"href":"https:\/\/wordpress.mydrink.ee\/fi\/wp-json\/wp\/v2\/product_tag?post=1840"}],"curies":[{"name":"wp","href":"https:\/\/api.w.org\/{rel}","templated":true}]}}