{"id":1888,"date":"2014-04-17T22:39:36","date_gmt":"2014-04-17T19:39:36","guid":{"rendered":"https:\/\/wordpress.mydrink.ee\/product\/pfaff-cremant-blanc-de-blancs-12-75cl\/"},"modified":"2014-04-17T22:39:36","modified_gmt":"2014-04-17T19:39:36","slug":"pfaff-cremant-blanc-de-blancs-12-75cl","status":"publish","type":"product","link":"https:\/\/wordpress.mydrink.ee\/fi\/product\/pfaff-cremant-blanc-de-blancs-12-75cl\/","title":{"rendered":"PFAFF CREMANT BLANC DE BLANCS 12% 75CL"},"content":{"rendered":"<p>S\u00e4ilitamispotentsiaal: 2-3 aastat<br \/>\n Reeglid, mis kehtivad Cremant d`Alsace`i tootmise kohta on sama ranged kui Champagne`is vahuveini valmistamiseks. Laagerdumine 30 kuud. Seaduse j\u00e4rgi piisaks Cremant`ile ka 9 kuust.<\/p>","protected":false},"excerpt":{"rendered":"<p>Liik:\t\u0160ampanjad ja vahuveinid, Vahuvein<br \/>\nKastis:\t6<br \/>\nMaht:\t75CL<br \/>\nAlkoholisisaldus:\t12%<br \/>\nP\u00e4ritolumaa:\tPrantsusmaa<br \/>\nPiirkond:\tAlsace<br \/>\nViinamarjasort:\tPinot Blanc 80%, Pinot Auxerrois 20%<br \/>\nAroom:\tArenenud, ilmekalt on tunda virsikut ja kollast ploomi. Elegantne ja siidine nagu v\u00e4\u00e4rikale Cremant`ile kohane<br \/>\nMaitse:\tV\u00e4rske ja s\u00e4rtsakas, rikkalik ja \u00f5line koos k\u00fcpsete puuvilja toonidega<br \/>\nToidusoovitus:\tAperatiivina, iseseisvalt tarbimiseks, ideaalne koos mereandide, kaaviari, homaariga.<br \/>\nServeerimine:\t7-8 C<\/p>","protected":false},"featured_media":1887,"template":"","meta":{"_acf_changed":false,"_kadence_starter_templates_imported_post":false,"_kad_post_transparent":"","_kad_post_title":"","_kad_post_layout":"","_kad_post_sidebar_id":"","_kad_post_content_style":"","_kad_post_vertical_padding":"","_kad_post_feature":"","_kad_post_feature_position":"","_kad_post_header":false,"_kad_post_footer":false,"_kad_post_classname":""},"product_brand":[],"product_cat":[80,24,123],"product_tag":[],"class_list":{"0":"post-1888","1":"product","2":"type-product","3":"status-publish","4":"has-post-thumbnail","6":"product_cat-prantsuse-1-2","7":"product_cat-vahuveinid","8":"product_cat-vahuveinid-1","10":"first","11":"instock","12":"taxable","13":"shipping-taxable","14":"purchasable","15":"product-type-simple","16":"entry","17":"content-bg","18":"loop-entry"},"acf":[],"_links":{"self":[{"href":"https:\/\/wordpress.mydrink.ee\/fi\/wp-json\/wp\/v2\/product\/1888","targetHints":{"allow":["GET"]}}],"collection":[{"href":"https:\/\/wordpress.mydrink.ee\/fi\/wp-json\/wp\/v2\/product"}],"about":[{"href":"https:\/\/wordpress.mydrink.ee\/fi\/wp-json\/wp\/v2\/types\/product"}],"wp:featuredmedia":[{"embeddable":true,"href":"https:\/\/wordpress.mydrink.ee\/fi\/wp-json\/wp\/v2\/media\/1887"}],"wp:attachment":[{"href":"https:\/\/wordpress.mydrink.ee\/fi\/wp-json\/wp\/v2\/media?parent=1888"}],"wp:term":[{"taxonomy":"product_brand","embeddable":true,"href":"https:\/\/wordpress.mydrink.ee\/fi\/wp-json\/wp\/v2\/product_brand?post=1888"},{"taxonomy":"product_cat","embeddable":true,"href":"https:\/\/wordpress.mydrink.ee\/fi\/wp-json\/wp\/v2\/product_cat?post=1888"},{"taxonomy":"product_tag","embeddable":true,"href":"https:\/\/wordpress.mydrink.ee\/fi\/wp-json\/wp\/v2\/product_tag?post=1888"}],"curies":[{"name":"wp","href":"https:\/\/api.w.org\/{rel}","templated":true}]}}