{"id":2499,"date":"2014-11-26T23:48:08","date_gmt":"2014-11-26T21:48:08","guid":{"rendered":"https:\/\/wordpress.mydrink.ee\/product\/zeljonaja-marka-40-35cl\/"},"modified":"2014-11-26T23:48:08","modified_gmt":"2014-11-26T21:48:08","slug":"zeljonaja-marka-40-35cl","status":"publish","type":"product","link":"https:\/\/wordpress.mydrink.ee\/fi\/product\/zeljonaja-marka-40-35cl\/","title":{"rendered":"ZELJONAJA MARKA 40% 35CL"},"content":{"rendered":"<p>Zeljonaja Marka (Green Mark) viin on valmistatud vaid looduslikest koostisosadest jadadestilleerimise meetodil. See v\u00f5imaldab kasutada t\u00e4ielikult automatiseeritud tootmist, v\u00e4listades inimese sekkumise. Selline t\u00e4iustatud tootmisprotsess annab viinale erakordselt maheda maitse. Pudelitel on eriline kork, meenutamaks 20. sajandi alguse traditsioonilisi pudeldamisviise.<\/p>","protected":false},"excerpt":{"rendered":"<p>Tooteliik:\tViin<br \/>\nP\u00e4ritolumaa:\tVenemaa<br \/>\nAlkoholisisaldus:\t40%<\/p>","protected":false},"featured_media":2498,"template":"","meta":{"_acf_changed":false,"_kadence_starter_templates_imported_post":false,"_kad_post_transparent":"","_kad_post_title":"","_kad_post_layout":"","_kad_post_sidebar_id":"","_kad_post_content_style":"","_kad_post_vertical_padding":"","_kad_post_feature":"","_kad_post_feature_position":"","_kad_post_header":false,"_kad_post_footer":false,"_kad_post_classname":""},"product_brand":[],"product_cat":[46],"product_tag":[],"class_list":{"0":"post-2499","1":"product","2":"type-product","3":"status-publish","4":"has-post-thumbnail","6":"product_cat-vodka","8":"first","9":"instock","10":"taxable","11":"shipping-taxable","12":"purchasable","13":"product-type-simple","14":"entry","15":"content-bg","16":"loop-entry"},"acf":[],"_links":{"self":[{"href":"https:\/\/wordpress.mydrink.ee\/fi\/wp-json\/wp\/v2\/product\/2499","targetHints":{"allow":["GET"]}}],"collection":[{"href":"https:\/\/wordpress.mydrink.ee\/fi\/wp-json\/wp\/v2\/product"}],"about":[{"href":"https:\/\/wordpress.mydrink.ee\/fi\/wp-json\/wp\/v2\/types\/product"}],"wp:featuredmedia":[{"embeddable":true,"href":"https:\/\/wordpress.mydrink.ee\/fi\/wp-json\/wp\/v2\/media\/2498"}],"wp:attachment":[{"href":"https:\/\/wordpress.mydrink.ee\/fi\/wp-json\/wp\/v2\/media?parent=2499"}],"wp:term":[{"taxonomy":"product_brand","embeddable":true,"href":"https:\/\/wordpress.mydrink.ee\/fi\/wp-json\/wp\/v2\/product_brand?post=2499"},{"taxonomy":"product_cat","embeddable":true,"href":"https:\/\/wordpress.mydrink.ee\/fi\/wp-json\/wp\/v2\/product_cat?post=2499"},{"taxonomy":"product_tag","embeddable":true,"href":"https:\/\/wordpress.mydrink.ee\/fi\/wp-json\/wp\/v2\/product_tag?post=2499"}],"curies":[{"name":"wp","href":"https:\/\/api.w.org\/{rel}","templated":true}]}}