{"id":3686,"date":"2017-01-14T01:33:31","date_gmt":"2017-01-13T23:33:31","guid":{"rendered":"https:\/\/wordpress.mydrink.ee\/product\/amstel-beer-5-50cl-purk-uus\/"},"modified":"2025-09-09T03:03:49","modified_gmt":"2025-09-09T00:03:49","slug":"amstel-beer-5-50cl-purk-uus","status":"publish","type":"product","link":"https:\/\/wordpress.mydrink.ee\/fi\/product\/amstel-beer-5-50cl-purk-uus\/","title":{"rendered":"AMSTEL BEER 5% 50CL purk"},"content":{"rendered":"<p>P\u00e4rit Amsterdamist on Amstel t\u00e4nap\u00e4eval maailma 6. suurim \u00f5llemark, mida m\u00fc\u00fcakse \u00fcle 10 miljoni hektoliitri aastas ja mida saab nautida enam kui 75-s riigis \u00fcle maailma. <\/p>\n<p>Veidi \u00fcle 140 aasta tagasi, 11. juunil 1870 asetati esimene kivi Amsteli \u00f5lletehase ehitusele Amsterdamis, Hollandis. \u201cBeiersch Bierbrouwerij De Amstel\u201d tehas asus otse Amstel j\u00f5e kaldal. Aastate jooksul on Amstel v\u00f5itnud mitmeid maitseauhindu ja esimeste pruulikoja meistrite kogemused ja teadmised on edasi antud l\u00e4bi p\u00f5lvkondade.<br \/> Selle erakordselt v\u00e4ljapaistva pilsner t\u00fc\u00fcpi \u00f5lle edu saladus tugineb ka t\u00e4nap\u00e4eval nendele teadmistele ja kogemustele.<\/p>\n<p>De Pesters ja Van Marwijk Kooy alustasid Amstel \u00f5lle ekspordiga juba aastal 1883, esialgu Hollandi kolooniate \u2013 Hollandi Ida-India, Antillidele ja Surinamesse ning siis ka mujale maailma paikadesse. Palju on juhtunud viimase 140 aasta jooksul. N\u00fc\u00fcd pruulitakse seda m\u00e4rjukest juba rohkem kui 10 miljonit hektoliitrit ja nauditakse enamas kui 75. riigis \u00fcle maailma. Pidevalt muutuval \u00f5lleturul on see suurep\u00e4rane tulemus. See oleks olemata, kui toode poleks t\u00f5eline tippklass.<\/p>\n<p>1968 aastal \u00fchinesid Heineken ja Amstel \u00fcheks maailma juhtivaks \u00f5lletootjaks.<\/p>","protected":false},"excerpt":{"rendered":"<p>Liik: Lahja alkohoolne jook, \u00d5lu<br \/>\nKastis:\t24<br \/>\nMaht: 50CL<br \/>\nAlkoholisisaldus:\t5%<br \/>\nP\u00e4ritolumaa:\tHolland<br \/>\nV\u00e4rvus: Kuldne<br \/>\nMaitse:\tV\u00e4rskendavalt tasakaalustatud iseloomuga \u00f5lu.<br \/>\nServeerimistemperatuur: 3-5 \u00b0C<\/p>","protected":false},"featured_media":3685,"template":"","meta":{"_acf_changed":false,"_kadence_starter_templates_imported_post":false,"_kad_post_transparent":"","_kad_post_title":"","_kad_post_layout":"","_kad_post_sidebar_id":"","_kad_post_content_style":"","_kad_post_vertical_padding":"","_kad_post_feature":"","_kad_post_feature_position":"","_kad_post_header":false,"_kad_post_footer":false,"_kad_post_classname":""},"product_brand":[],"product_cat":[16],"product_tag":[],"class_list":{"0":"post-3686","1":"product","2":"type-product","3":"status-publish","4":"has-post-thumbnail","6":"product_cat-uncategorized","8":"first","9":"instock","10":"taxable","11":"shipping-taxable","12":"purchasable","13":"product-type-simple","14":"entry","15":"content-bg","16":"loop-entry"},"acf":[],"_links":{"self":[{"href":"https:\/\/wordpress.mydrink.ee\/fi\/wp-json\/wp\/v2\/product\/3686","targetHints":{"allow":["GET"]}}],"collection":[{"href":"https:\/\/wordpress.mydrink.ee\/fi\/wp-json\/wp\/v2\/product"}],"about":[{"href":"https:\/\/wordpress.mydrink.ee\/fi\/wp-json\/wp\/v2\/types\/product"}],"wp:featuredmedia":[{"embeddable":true,"href":"https:\/\/wordpress.mydrink.ee\/fi\/wp-json\/wp\/v2\/media\/3685"}],"wp:attachment":[{"href":"https:\/\/wordpress.mydrink.ee\/fi\/wp-json\/wp\/v2\/media?parent=3686"}],"wp:term":[{"taxonomy":"product_brand","embeddable":true,"href":"https:\/\/wordpress.mydrink.ee\/fi\/wp-json\/wp\/v2\/product_brand?post=3686"},{"taxonomy":"product_cat","embeddable":true,"href":"https:\/\/wordpress.mydrink.ee\/fi\/wp-json\/wp\/v2\/product_cat?post=3686"},{"taxonomy":"product_tag","embeddable":true,"href":"https:\/\/wordpress.mydrink.ee\/fi\/wp-json\/wp\/v2\/product_tag?post=3686"}],"curies":[{"name":"wp","href":"https:\/\/api.w.org\/{rel}","templated":true}]}}