{"id":4114,"date":"2018-12-11T21:37:15","date_gmt":"2018-12-11T19:37:15","guid":{"rendered":"https:\/\/wordpress.mydrink.ee\/product\/mistinguett-cava-brut-bio-11-5-75cl\/"},"modified":"2018-12-11T21:37:15","modified_gmt":"2018-12-11T19:37:15","slug":"mistinguett-cava-brut-bio-11-5-75cl","status":"publish","type":"product","link":"https:\/\/wordpress.mydrink.ee\/fi\/product\/mistinguett-cava-brut-bio-11-5-75cl\/","title":{"rendered":"MISTINGUETT CAVA BRUT BIO 11,5%75CL"},"content":{"rendered":"<p>Ei ole \u00fche aastak\u00e4igu Cava (non vintage).<br \/>\nJ\u00e4\u00e4ksuhkur: 11,5g\/L<\/p>","protected":false},"excerpt":{"rendered":"<p>Tooteliik: Kaitstud p\u00e4ritolunimetusega kvaliteetvahuvein<br \/>\nMagususe aste: Kuiv<br \/>\nP\u00e4ritolumaa: Hispaania<br \/>\nPiirkond: Kataloonia, Penedes, Cava DO<br \/>\nViinamarjasort: Macabeo, Xarel-lo, Parellada<br \/>\nKorje: Viinamarjad korjatakse erinevatel aegadel: Macabeo septembri alguses, Xarel-lo septembri teisel ja kolmandal n\u00e4dalal, Parellada oktoobri esimesel n\u00e4dalal. Toimub k\u00e4sitsi ja mehaaniline korje.<br \/>\nValmistamine: Esmane k\u00e4\u00e4ritamine toimub terasvaatides, kontrollitud temperatuuril 14-16 \u00b0C. Teine fermentatsioon toimub pudelis, traditsioonilisel meetodil 12 kuud.<br \/>\nV\u00e4rvus: V\u00e4rvus on kahvatukollane, roheka alatooniga. Mullijuga tihe, elegantne ja peenike.<br \/>\nAroom: Aroom on v\u00e4rske ja puuviljane. Tunda rohelisi \u00f5unu, pirne, tsitruselisi, kuivatatud puuvilju ja r\u00f6stitud mandleid.<br \/>\nMaitse: Maitse on kuiv, keskmise happesusega ja v\u00e4rske. Tunda k\u00fcpseid \u00f5unu, nektariine, virsikuid ja tsitruselist v\u00e4rskust. J\u00e4relmaitse on pikk, elegantne ja mineraalse happesusega.<br \/>\nToidusoovitus: Aperitiiv, kalast k\u00fclmad suupisted, eelroad, mereannid, sushi, kerged linnuliharoad, pehmed juustud.<br \/>\nServeerimistemperatuur. jahutatult 5-6\u00b0 C klassikalisest vahuveini pokaalist v\u00f5i Bordeaux t\u00fc\u00fcpi valge veini pokaalist.<\/p>","protected":false},"featured_media":4113,"template":"","meta":{"_acf_changed":false,"_kadence_starter_templates_imported_post":false,"_kad_post_transparent":"","_kad_post_title":"","_kad_post_layout":"","_kad_post_sidebar_id":"","_kad_post_content_style":"","_kad_post_vertical_padding":"","_kad_post_feature":"","_kad_post_feature_position":"","_kad_post_header":false,"_kad_post_footer":false,"_kad_post_classname":""},"product_brand":[],"product_cat":[77,24,123],"product_tag":[],"class_list":{"0":"post-4114","1":"product","2":"type-product","3":"status-publish","4":"has-post-thumbnail","6":"product_cat-hispaania-1-2","7":"product_cat-vahuveinid","8":"product_cat-vahuveinid-1","10":"first","11":"instock","12":"taxable","13":"shipping-taxable","14":"purchasable","15":"product-type-simple","16":"entry","17":"content-bg","18":"loop-entry"},"acf":[],"_links":{"self":[{"href":"https:\/\/wordpress.mydrink.ee\/fi\/wp-json\/wp\/v2\/product\/4114","targetHints":{"allow":["GET"]}}],"collection":[{"href":"https:\/\/wordpress.mydrink.ee\/fi\/wp-json\/wp\/v2\/product"}],"about":[{"href":"https:\/\/wordpress.mydrink.ee\/fi\/wp-json\/wp\/v2\/types\/product"}],"wp:featuredmedia":[{"embeddable":true,"href":"https:\/\/wordpress.mydrink.ee\/fi\/wp-json\/wp\/v2\/media\/4113"}],"wp:attachment":[{"href":"https:\/\/wordpress.mydrink.ee\/fi\/wp-json\/wp\/v2\/media?parent=4114"}],"wp:term":[{"taxonomy":"product_brand","embeddable":true,"href":"https:\/\/wordpress.mydrink.ee\/fi\/wp-json\/wp\/v2\/product_brand?post=4114"},{"taxonomy":"product_cat","embeddable":true,"href":"https:\/\/wordpress.mydrink.ee\/fi\/wp-json\/wp\/v2\/product_cat?post=4114"},{"taxonomy":"product_tag","embeddable":true,"href":"https:\/\/wordpress.mydrink.ee\/fi\/wp-json\/wp\/v2\/product_tag?post=4114"}],"curies":[{"name":"wp","href":"https:\/\/api.w.org\/{rel}","templated":true}]}}