{"id":4666,"date":"2023-09-26T08:01:36","date_gmt":"2023-09-26T05:01:36","guid":{"rendered":"https:\/\/wordpress.mydrink.ee\/product\/koff-long-drink-strong-grapefruit-8-vol-33cl-x-24\/"},"modified":"2025-09-25T10:24:09","modified_gmt":"2025-09-25T07:24:09","slug":"koff-long-drink-strong-grapefruit-8-vol-33cl-x-24","status":"publish","type":"product","link":"https:\/\/wordpress.mydrink.ee\/fi\/product\/koff-long-drink-strong-grapefruit-8-vol-33cl-x-24\/","title":{"rendered":"Koff Long Drink Strong Grapefruit 8% vol 33CL x 24"},"content":{"rendered":"<p style=\"box-sizing: inherit; margin: 0px 0px 20px; padding: 0px; outline: none; color: #283d4a; font-family: ThemeFont-Primary, sans-serif; font-size: 16px; font-style: normal; font-variant-ligatures: normal; font-variant-caps: normal; font-weight: 400; letter-spacing: normal; orphans: 2; text-align: start; text-indent: 0px; text-transform: none; white-space: normal; widows: 2; word-spacing: 0px; -webkit-text-stroke-width: 0px; background-color: rgba(255, 255, 255, 0.6); text-decoration-thickness: initial; text-decoration-style: initial; text-decoration-color: initial;\"><span style=\"font-size: small;\"><strong style=\"box-sizing: inherit; margin: 0px; padding: 0px;\">Koostisosad<br \/><\/strong>vesi, suhkur, gin, s\u00fcsihappegaas, hape &#8211; sidrunhape, stabilisaator &#8211; E414, l\u00f5hna-\u00a0 ja maitseained, s\u00e4ilitusaine &#8211; kaaliumsorbaat, antioks\u00fcdant &#8211; askorbiinhape, toiduv\u00e4rvid &#8211; E120, E104.<br \/><strong style=\"box-sizing: inherit; margin: 0px; padding: 0px;\">Toitumisalane teave 100 ml kohta<br \/><\/strong><\/span><span style=\"font-size: small;\">Energia: 229 kJ \/\u00a054 kcal<br \/>Rasvad: 0 g<br \/><\/span><span style=\"font-size: small;\">\u00a0 \u00a0\u00a0 millest k\u00fcllastunud rasvhappeid: 0 g<br \/><\/span><span style=\"font-size: small;\">S\u00fcsivesikud:\u00a0 5,7 g<br \/><\/span><span style=\"font-size: small;\">\u00a0 \u00a0\u00a0 millest suhkruid: 5,7 g<br \/>Valgud: 0 g<br \/><\/span><span style=\"font-size: small;\">Sool: 0 g<\/span><\/p>","protected":false},"excerpt":{"rendered":"<p>Liik: Long Drink<br \/>Kastis: 24<br \/>Maht: 7,92L<br \/>Alkoholisisaldus: 8% vol<br \/>Maitse: Kadakas, greip<br \/>Serveerimine: Jahutatult<\/p>\n<p><span style=\"color: #ff0000;\">&Uuml;hte pakiautomaadi kappi mahub kolm sellist toodet!<\/span><br \/><span style=\"color: #ff0000;\">Loe lisa <a href=\"http:\/\/mydrink.ee\/shipping\/?___store=est\" target=\"_blank\"><strong>siit<\/strong><\/a><\/span><\/p>","protected":false},"featured_media":4665,"template":"","meta":{"_acf_changed":false,"_kadence_starter_templates_imported_post":false,"_kad_post_transparent":"","_kad_post_title":"","_kad_post_layout":"","_kad_post_sidebar_id":"","_kad_post_content_style":"","_kad_post_vertical_padding":"","_kad_post_feature":"","_kad_post_feature_position":"","_kad_post_header":false,"_kad_post_footer":false,"_kad_post_classname":""},"product_brand":[],"product_cat":[110,91,90,25,232],"product_tag":[],"class_list":{"0":"post-4666","1":"product","2":"type-product","3":"status-publish","4":"has-post-thumbnail","6":"product_cat-pakkumised","7":"product_cat-ohooo","8":"product_cat-long-drink","9":"product_cat-olu-siider","10":"product_cat-pandipakend","12":"first","13":"instock","14":"sale","15":"taxable","16":"shipping-taxable","17":"purchasable","18":"product-type-simple","19":"entry","20":"content-bg","21":"loop-entry"},"acf":[],"_links":{"self":[{"href":"https:\/\/wordpress.mydrink.ee\/fi\/wp-json\/wp\/v2\/product\/4666","targetHints":{"allow":["GET"]}}],"collection":[{"href":"https:\/\/wordpress.mydrink.ee\/fi\/wp-json\/wp\/v2\/product"}],"about":[{"href":"https:\/\/wordpress.mydrink.ee\/fi\/wp-json\/wp\/v2\/types\/product"}],"wp:featuredmedia":[{"embeddable":true,"href":"https:\/\/wordpress.mydrink.ee\/fi\/wp-json\/wp\/v2\/media\/4665"}],"wp:attachment":[{"href":"https:\/\/wordpress.mydrink.ee\/fi\/wp-json\/wp\/v2\/media?parent=4666"}],"wp:term":[{"taxonomy":"product_brand","embeddable":true,"href":"https:\/\/wordpress.mydrink.ee\/fi\/wp-json\/wp\/v2\/product_brand?post=4666"},{"taxonomy":"product_cat","embeddable":true,"href":"https:\/\/wordpress.mydrink.ee\/fi\/wp-json\/wp\/v2\/product_cat?post=4666"},{"taxonomy":"product_tag","embeddable":true,"href":"https:\/\/wordpress.mydrink.ee\/fi\/wp-json\/wp\/v2\/product_tag?post=4666"}],"curies":[{"name":"wp","href":"https:\/\/api.w.org\/{rel}","templated":true}]}}