{"id":4831,"date":"2025-04-14T13:33:24","date_gmt":"2025-04-14T10:33:24","guid":{"rendered":"https:\/\/wordpress.mydrink.ee\/product\/garage-hardcore-cherry-6-vol-33cl-x-24\/"},"modified":"2025-09-25T10:24:10","modified_gmt":"2025-09-25T07:24:10","slug":"garage-hardcore-cherry-6-vol-33cl-x-24","status":"publish","type":"product","link":"https:\/\/wordpress.mydrink.ee\/fi\/product\/garage-hardcore-cherry-6-vol-33cl-x-24\/","title":{"rendered":"Garage Hardcore Cherry 6% vol 33cl x 24"},"content":{"rendered":"<p><strong>Garage&#8217;i Hardcore Cherry<\/strong> on tugeva kirsimaitsega jook, kus k\u00f5rgem alkoholisisaldus toob k\u00f5ik n\u00fcansid veelgi paremini esile, samas s\u00e4ilitades autentse kirsi olemuse.<\/p>\n<p>Koostisosad: vesi, suhkur, odralinnased, gl\u00fckoosisiirup, s\u00fcsihappegaas, hape &#8211; E330, v\u00e4rviv kontsentraat porgandist, humalad, looduslikud l\u00f5hna- ja maitseained, antioks\u00fcdant &#8211; E300, s\u00e4ilitusaine &#8211; E202<\/p>\n<p>Toitumisalane teave 100 ml kohta:<br \/>Energia: 268 kJ \/ 64 kcal<br \/>Rasvad: 0,1 g<br \/>\u00a0\u00a0\u00a0\u00a0 millest k\u00fcllastunud rasvhappeid: 0 g<br \/>S\u00fcsivesikud:\u00a0 7,5 g<br \/>\u00a0\u00a0\u00a0\u00a0 millest suhkruid: 6,3 g<br \/>Valgud: 0 g<br \/>Sool: 0 g<\/p>","protected":false},"excerpt":{"rendered":"<p>Liik: Muu alkohoolne jook<br \/>Kastis: 24<br \/>Maht: 7,92L<br \/>Alkoholisisaldus: 6% vol<br \/>P&auml;ritolumaa: Eesti<br \/>Tootja: Saku &Otilde;lletehas AS<br \/>V&auml;rv: Roosa<br \/>Maitse: V&auml;rske, kirss<br \/>Serveerimine: 5-7C<\/p>\n<p><span style=\"color: #ff0000;\">&Uuml;hte pakiautomaadi kappi mahub kolm sellist toodet!<\/span><br \/><span style=\"color: #ff0000;\">Loe lisa <a href=\"http:\/\/mydrink.ee\/shipping\/?___store=est\" target=\"_blank\"><strong>siit<\/strong><\/a><\/span><\/p>","protected":false},"featured_media":4830,"template":"","meta":{"_acf_changed":false,"_kadence_starter_templates_imported_post":false,"_kad_post_transparent":"","_kad_post_title":"","_kad_post_layout":"","_kad_post_sidebar_id":"","_kad_post_content_style":"","_kad_post_vertical_padding":"","_kad_post_feature":"","_kad_post_feature_position":"","_kad_post_header":false,"_kad_post_footer":false,"_kad_post_classname":""},"product_brand":[],"product_cat":[110,91,87,90,25,232],"product_tag":[],"class_list":{"0":"post-4831","1":"product","2":"type-product","3":"status-publish","4":"has-post-thumbnail","6":"product_cat-pakkumised","7":"product_cat-ohooo","8":"product_cat-frontpage","9":"product_cat-long-drink","10":"product_cat-olu-siider","11":"product_cat-pandipakend","13":"first","14":"instock","15":"sale","16":"taxable","17":"shipping-taxable","18":"purchasable","19":"product-type-simple","20":"entry","21":"content-bg","22":"loop-entry"},"acf":[],"_links":{"self":[{"href":"https:\/\/wordpress.mydrink.ee\/fi\/wp-json\/wp\/v2\/product\/4831","targetHints":{"allow":["GET"]}}],"collection":[{"href":"https:\/\/wordpress.mydrink.ee\/fi\/wp-json\/wp\/v2\/product"}],"about":[{"href":"https:\/\/wordpress.mydrink.ee\/fi\/wp-json\/wp\/v2\/types\/product"}],"wp:featuredmedia":[{"embeddable":true,"href":"https:\/\/wordpress.mydrink.ee\/fi\/wp-json\/wp\/v2\/media\/4830"}],"wp:attachment":[{"href":"https:\/\/wordpress.mydrink.ee\/fi\/wp-json\/wp\/v2\/media?parent=4831"}],"wp:term":[{"taxonomy":"product_brand","embeddable":true,"href":"https:\/\/wordpress.mydrink.ee\/fi\/wp-json\/wp\/v2\/product_brand?post=4831"},{"taxonomy":"product_cat","embeddable":true,"href":"https:\/\/wordpress.mydrink.ee\/fi\/wp-json\/wp\/v2\/product_cat?post=4831"},{"taxonomy":"product_tag","embeddable":true,"href":"https:\/\/wordpress.mydrink.ee\/fi\/wp-json\/wp\/v2\/product_tag?post=4831"}],"curies":[{"name":"wp","href":"https:\/\/api.w.org\/{rel}","templated":true}]}}