{"id":4839,"date":"2025-04-23T06:51:29","date_gmt":"2025-04-23T03:51:29","guid":{"rendered":"https:\/\/wordpress.mydrink.ee\/product\/miss-giulia-moscato-sweet-sparkling-10-vol-25cl-x-12\/"},"modified":"2025-04-23T06:51:29","modified_gmt":"2025-04-23T03:51:29","slug":"miss-giulia-moscato-sweet-sparkling-10-vol-25cl-x-12","status":"publish","type":"product","link":"https:\/\/wordpress.mydrink.ee\/fi\/product\/miss-giulia-moscato-sweet-sparkling-10-vol-25cl-x-12\/","title":{"rendered":"Miss. Giulia Moscato Sweet Sparkling 10% vol 25CL x 12"},"content":{"rendered":"<p><strong>Lisainfo<\/strong><br \/>1994. aastal rajatud moodne Abruzzo piirkonnas paiknev veinitootja, kes t\u00e4nap\u00e4eval kasvatab marju paljudes Itaalia piirkondades. Vein on v\u00e4rvilt s\u00e4ravkollane, sisaldab CO2. Aroom on puuviljaselt ja intensiivselt aromaatne, tunda \u00fclek\u00fcpsenud kollaseid puuvilju, ananassi, melonit ja aprikoose. Maitse on kerge, mesiselt magus ja mahlaselt puuviljane. Tunda \u00fclek\u00fcpsenud troopilisi puuvilju, ananassi, apelsinimarmelaadi, k\u00fcpseid aprikoose ning virsikumoosi. J\u00e4relmaitse keskmise pikkusega ja puuviljaselt magus Viinamarjad on korjatud erinevatest Itaalia kasvualadelt, vein k\u00e4\u00e4ritatakse \u201eCharmat\u201c meetodil roostevabast terasest survevaatides, k\u00e4\u00e4rimine peatatakse veini jahutamise teel.<\/p>\n<p><strong>Tarbimissoovitus<\/strong><br \/>Kohupiima koogid ja puuviljadest desserdid. Suviseks seltskonnaveiniks v\u00f5i kasutada puuviljabooli valmistamisel.<\/p>","protected":false},"excerpt":{"rendered":"<p>Liik: Geograafilise t&auml;hisega vahuvein<br \/>T&uuml;&uuml;p: Sparkling wine<br \/>Kastis: 12 <br \/>Maht: 3L <br \/>Alkoholisisaldus: 10% vol <br \/>P&auml;ritolumaa: Itaalia <br \/>Tootja: FA.VI.S.R.L<br \/>Piirkond: Emilia-Romagna<br \/>Viinamarjad: Moscato <br \/>V&auml;rv: Valge<br \/>Aroom: Puuviljane, aromaatne, aprikoos, melon.<br \/>Maitse:&nbsp;Magus, puuviljane, mesi, ananass, aprikoos. <br \/>Serveerimistemperatuur: 6-8C<\/p>","protected":false},"featured_media":4838,"template":"","meta":{"_acf_changed":false,"_kadence_starter_templates_imported_post":false,"_kad_post_transparent":"","_kad_post_title":"","_kad_post_layout":"","_kad_post_sidebar_id":"","_kad_post_content_style":"","_kad_post_vertical_padding":"","_kad_post_feature":"","_kad_post_feature_position":"","_kad_post_header":false,"_kad_post_footer":false,"_kad_post_classname":""},"product_brand":[],"product_cat":[110,86,78,24,123],"product_tag":[],"class_list":{"0":"post-4839","1":"product","2":"type-product","3":"status-publish","4":"has-post-thumbnail","6":"product_cat-pakkumised","7":"product_cat-soodus-1-vahuveinid","8":"product_cat-itaalia-1-2","9":"product_cat-vahuveinid","10":"product_cat-vahuveinid-1","12":"first","13":"instock","14":"sale","15":"taxable","16":"shipping-taxable","17":"purchasable","18":"product-type-simple","19":"entry","20":"content-bg","21":"loop-entry"},"acf":[],"_links":{"self":[{"href":"https:\/\/wordpress.mydrink.ee\/fi\/wp-json\/wp\/v2\/product\/4839","targetHints":{"allow":["GET"]}}],"collection":[{"href":"https:\/\/wordpress.mydrink.ee\/fi\/wp-json\/wp\/v2\/product"}],"about":[{"href":"https:\/\/wordpress.mydrink.ee\/fi\/wp-json\/wp\/v2\/types\/product"}],"wp:featuredmedia":[{"embeddable":true,"href":"https:\/\/wordpress.mydrink.ee\/fi\/wp-json\/wp\/v2\/media\/4838"}],"wp:attachment":[{"href":"https:\/\/wordpress.mydrink.ee\/fi\/wp-json\/wp\/v2\/media?parent=4839"}],"wp:term":[{"taxonomy":"product_brand","embeddable":true,"href":"https:\/\/wordpress.mydrink.ee\/fi\/wp-json\/wp\/v2\/product_brand?post=4839"},{"taxonomy":"product_cat","embeddable":true,"href":"https:\/\/wordpress.mydrink.ee\/fi\/wp-json\/wp\/v2\/product_cat?post=4839"},{"taxonomy":"product_tag","embeddable":true,"href":"https:\/\/wordpress.mydrink.ee\/fi\/wp-json\/wp\/v2\/product_tag?post=4839"}],"curies":[{"name":"wp","href":"https:\/\/api.w.org\/{rel}","templated":true}]}}