{"id":4843,"date":"2025-04-28T07:09:50","date_gmt":"2025-04-28T04:09:50","guid":{"rendered":"https:\/\/wordpress.mydrink.ee\/product\/koff-long-drink-strong-raspberry-8-vol-33cl-x-24\/"},"modified":"2025-09-25T10:24:10","modified_gmt":"2025-09-25T07:24:10","slug":"koff-long-drink-strong-raspberry-8-vol-33cl-x-24","status":"publish","type":"product","link":"https:\/\/wordpress.mydrink.ee\/fi\/product\/koff-long-drink-strong-raspberry-8-vol-33cl-x-24\/","title":{"rendered":"Koff Long Drink Strong Raspberry 8% vol 33CL x 24"},"content":{"rendered":"<p style=\"box-sizing: inherit; margin: 0px 0px 20px; padding: 0px; outline: none; color: #283d4a; font-family: ThemeFont-Primary, sans-serif; font-size: 16px; font-style: normal; font-variant-ligatures: normal; font-variant-caps: normal; font-weight: 400; letter-spacing: normal; orphans: 2; text-align: start; text-indent: 0px; text-transform: none; white-space: normal; widows: 2; word-spacing: 0px; -webkit-text-stroke-width: 0px; background-color: rgba(255, 255, 255, 0.6); text-decoration-thickness: initial; text-decoration-style: initial; text-decoration-color: initial;\"><strong><span style=\"font-size: small;\">Koostisosad<\/span><\/strong><br \/><span style=\"font-size: small;\">vesi, gin, suhkur, s\u00fcsihappegaas, happesuse regulaator &#8211; E330, l\u00f5hna- ja maitseained, looduslik vaarika l\u00f5hna- ja maitseaine koos teiste looduslike l\u00f5hna- ja maitseainetega, v\u00e4rviv kontsentraat porgandist, stabilisaator &#8211; E414, s\u00e4ilitusaine &#8211; E202.<\/span><\/p>\n<p><strong><span style=\"font-size: small;\">Toitumisalane teave 100 ml kohta<\/span><\/strong><br \/><span style=\"font-size: small;\">Energia: 288 kJ \/ 69 kcal<\/span><br \/><span style=\"font-size: small;\">Rasvad: 0 g<\/span><br \/><span style=\"font-size: small;\">\u00a0\u00a0\u00a0\u00a0 millest k\u00fcllastunud rasvhappeid: 0 g<\/span><br \/><span style=\"font-size: small;\">S\u00fcsivesikud:\u00a0 5,7 g<\/span><br \/><span style=\"font-size: small;\">\u00a0\u00a0\u00a0\u00a0 millest suhkruid: 5,7 g<\/span><br \/><span style=\"font-size: small;\">Valgud: 0 g<\/span><br \/><span style=\"font-size: small;\">Sool: 0 g<\/span><\/p>","protected":false},"excerpt":{"rendered":"<p>Liik: Long Drink<br \/>Kastis: 24<br \/>Maht: 7,92L<br \/>Alkoholisisaldus: 8% vol<br \/>V&auml;rv: Roosa<br \/>Maitse: Puuviljane, vaarikas<br \/>Serveerimine: 06-08C<\/p>\n<p><span style=\"color: #ff0000;\">&Uuml;hte pakiautomaadi kappi mahub kolm sellist toodet!<\/span><br \/><span style=\"color: #ff0000;\">Loe lisa <a href=\"http:\/\/mydrink.ee\/shipping\/?___store=est\" target=\"_blank\"><strong>siit<\/strong><\/a><\/span><\/p>","protected":false},"featured_media":4842,"template":"","meta":{"_acf_changed":false,"_kadence_starter_templates_imported_post":false,"_kad_post_transparent":"","_kad_post_title":"","_kad_post_layout":"","_kad_post_sidebar_id":"","_kad_post_content_style":"","_kad_post_vertical_padding":"","_kad_post_feature":"","_kad_post_feature_position":"","_kad_post_header":false,"_kad_post_footer":false,"_kad_post_classname":""},"product_brand":[],"product_cat":[90,25,232],"product_tag":[],"class_list":{"0":"post-4843","1":"product","2":"type-product","3":"status-publish","4":"has-post-thumbnail","6":"product_cat-long-drink","7":"product_cat-olu-siider","8":"product_cat-pandipakend","10":"first","11":"instock","12":"taxable","13":"shipping-taxable","14":"purchasable","15":"product-type-simple","16":"entry","17":"content-bg","18":"loop-entry"},"acf":[],"_links":{"self":[{"href":"https:\/\/wordpress.mydrink.ee\/fi\/wp-json\/wp\/v2\/product\/4843","targetHints":{"allow":["GET"]}}],"collection":[{"href":"https:\/\/wordpress.mydrink.ee\/fi\/wp-json\/wp\/v2\/product"}],"about":[{"href":"https:\/\/wordpress.mydrink.ee\/fi\/wp-json\/wp\/v2\/types\/product"}],"wp:featuredmedia":[{"embeddable":true,"href":"https:\/\/wordpress.mydrink.ee\/fi\/wp-json\/wp\/v2\/media\/4842"}],"wp:attachment":[{"href":"https:\/\/wordpress.mydrink.ee\/fi\/wp-json\/wp\/v2\/media?parent=4843"}],"wp:term":[{"taxonomy":"product_brand","embeddable":true,"href":"https:\/\/wordpress.mydrink.ee\/fi\/wp-json\/wp\/v2\/product_brand?post=4843"},{"taxonomy":"product_cat","embeddable":true,"href":"https:\/\/wordpress.mydrink.ee\/fi\/wp-json\/wp\/v2\/product_cat?post=4843"},{"taxonomy":"product_tag","embeddable":true,"href":"https:\/\/wordpress.mydrink.ee\/fi\/wp-json\/wp\/v2\/product_tag?post=4843"}],"curies":[{"name":"wp","href":"https:\/\/api.w.org\/{rel}","templated":true}]}}